{"id":88,"date":"2019-03-11T20:23:02","date_gmt":"2019-03-11T20:23:02","guid":{"rendered":"https:\/\/www.icu4u.ch\/?page_id=88"},"modified":"2019-04-29T12:59:59","modified_gmt":"2019-04-29T12:59:59","slug":"partner","status":"publish","type":"page","link":"https:\/\/www.icu4u.ch\/?page_id=88","title":{"rendered":"Partners"},"content":{"rendered":"<p><\/p>\n\n\n<\/p>\n<h4 style=\"text-align: left;\">Kooperationspartner<\/h4>\n<p>\n\n\n<p><\/p>\n<figure>\n\t\t\t\t\t\t\t\t\t\t\t<a href=\"https:\/\/www.wyrsch-partner.ch\/w\/\" data-elementor-open-lightbox=\"\"><br>\n\t\t\t\t\t\t\t<img loading=\"lazy\" decoding=\"async\" width=\"78\" height=\"78\" src=\"https:\/\/www.icu4u.ch\/wp-content\/uploads\/2019\/03\/Wyrsch-Partner.png\" alt=\"\" sizes=\"auto, 100vw\">\t\t\t\t\t\t\t\t<\/a><figcaption>Wyrsch&amp; Partner GmbH<\/figcaption><\/figure>\n<p>Gemeinsam und spielend die Zukunft in die Gegenwart holen.<\/p>\n<p>Spielentwicklung,&nbsp;Organisationsentwicklung<br>Change &amp; Innovations Management<\/p>\n<figure>\n\t\t\t\t\t\t\t\t\t\t\t<a href=\"http:\/\/systemischeaufstellungen.ch\/\" data-elementor-open-lightbox=\"\" target=\"_blank\" rel=\"noopener noreferrer\"><br>\n\t\t\t\t\t\t\t<img decoding=\"async\" src=\"https:\/\/www.icu4u.ch\/wp-content\/uploads\/2019\/03\/Logo-Thomas-Fehlman.svg\" alt=\"\" height=\"39.1\" width=\"226.8\" sizes=\"100vw\">\t\t\t\t\t\t\t\t<\/a><p><\/p>\n<figcaption>Thomas Fehlmann<\/figcaption>\n<p>\t\t\t\t\t\t\t\t\t\t<\/p><\/figure>\n<p>Systemische Beratung&nbsp; <br>Kommunikation &amp; Coaching&nbsp;<\/p>\n<figure>\n\t\t\t\t\t\t\t\t\t\t\t<a href=\"http:\/\/www.futureanddynamic.ch\/\" data-elementor-open-lightbox=\"\"><br>\n\t\t\t\t\t\t\t<img loading=\"lazy\" decoding=\"async\" width=\"131\" height=\"107\" src=\"https:\/\/www.icu4u.ch\/wp-content\/uploads\/2019\/03\/Logo-Future-Dynamics.jpg\" alt=\"\" sizes=\"auto, 100vw\">\t\t\t\t\t\t\t\t<\/a><p><\/p>\n<figcaption>Future Dynamics<\/figcaption>\n<p>\t\t\t\t\t\t\t\t\t\t<\/p><\/figure>\n<p>Coaching&nbsp;<\/p>\n<p>f\u00fcr Management und Teams<\/p>\n<p>\t\t\t\t\t\t\t\t\t\t\t<a href=\"http:\/\/www.veleras.com\" data-elementor-open-lightbox=\"\"><br>\n\t\t\t\t\t\t\t<img loading=\"lazy\" decoding=\"async\" width=\"392\" height=\"112\" src=\"https:\/\/www.icu4u.ch\/wp-content\/uploads\/2019\/03\/Veleras.jpg\" alt=\"\" srcset=\"https:\/\/www.icu4u.ch\/wp-content\/uploads\/2019\/03\/Veleras.jpg 392w, https:\/\/www.icu4u.ch\/wp-content\/uploads\/2019\/03\/Veleras-300x86.jpg 300w\" sizes=\"auto, 100vw\">\t\t\t\t\t\t\t\t<\/a><\/p>\n<p>IT, ICT &amp; Security Solution vom Feinsten.&nbsp;<\/p>\n<p>Individuelle und Kundenspezifische L\u00f6sungen f\u00fcr anspruchsvolle Kunden.&nbsp;<\/p>","protected":false},"excerpt":{"rendered":"<p>Kooperationspartner Wyrsch&amp; Partner GmbH Gemeinsam und spielend die Zukunft in die Gegenwart holen. Spielentwicklung,&nbsp;OrganisationsentwicklungChange &amp; Innovations Management Thomas Fehlmann Systemische Beratung&nbsp; Kommunikation &amp; Coaching&nbsp; Future Dynamics Coaching&nbsp; f\u00fcr Management und Teams IT, ICT &amp; Security Solution vom Feinsten.&nbsp; Individuelle und Kundenspezifische L\u00f6sungen f\u00fcr anspruchsvolle Kunden.&nbsp;<\/p>\n","protected":false},"author":1,"featured_media":0,"parent":0,"menu_order":0,"comment_status":"closed","ping_status":"closed","template":"","meta":{"footnotes":""},"class_list":["post-88","page","type-page","status-publish","hentry"],"_links":{"self":[{"href":"https:\/\/www.icu4u.ch\/index.php?rest_route=\/wp\/v2\/pages\/88","targetHints":{"allow":["GET"]}}],"collection":[{"href":"https:\/\/www.icu4u.ch\/index.php?rest_route=\/wp\/v2\/pages"}],"about":[{"href":"https:\/\/www.icu4u.ch\/index.php?rest_route=\/wp\/v2\/types\/page"}],"author":[{"embeddable":true,"href":"https:\/\/www.icu4u.ch\/index.php?rest_route=\/wp\/v2\/users\/1"}],"replies":[{"embeddable":true,"href":"https:\/\/www.icu4u.ch\/index.php?rest_route=%2Fwp%2Fv2%2Fcomments&post=88"}],"version-history":[{"count":35,"href":"https:\/\/www.icu4u.ch\/index.php?rest_route=\/wp\/v2\/pages\/88\/revisions"}],"predecessor-version":[{"id":1914,"href":"https:\/\/www.icu4u.ch\/index.php?rest_route=\/wp\/v2\/pages\/88\/revisions\/1914"}],"wp:attachment":[{"href":"https:\/\/www.icu4u.ch\/index.php?rest_route=%2Fwp%2Fv2%2Fmedia&parent=88"}],"curies":[{"name":"wp","href":"https:\/\/api.w.org\/{rel}","templated":true}]}}