{"id":812,"date":"2019-03-24T21:47:30","date_gmt":"2019-03-24T21:47:30","guid":{"rendered":"https:\/\/www.icu4u.ch\/?page_id=812"},"modified":"2019-04-27T17:53:09","modified_gmt":"2019-04-27T17:53:09","slug":"e-learning","status":"publish","type":"page","link":"https:\/\/www.icu4u.ch\/?page_id=812","title":{"rendered":"E-Learning"},"content":{"rendered":"\n<p>Hier im gesch\u00fctzten Bereich finden Sie Lernvideo und n\u00fctzliche Tutorials. <br>Wir sind hier noch am Aufbau und das Login kommt in einer sp\u00e4teren Phase.<\/p>\n\n\n\n<p>Bei Bedarf&nbsp;<a href=\"https:\/\/www.icu4u.ch\/?page_id=48\">kontaktieren&nbsp;<\/a>Sie uns doch.<br><\/p>\n","protected":false},"excerpt":{"rendered":"<p>Hier im gesch\u00fctzten Bereich finden Sie Lernvideo und n\u00fctzliche Tutorials. Wir sind hier noch am Aufbau und das Login kommt in einer sp\u00e4teren Phase. Bei Bedarf&nbsp;kontaktieren&nbsp;Sie uns doch.<\/p>\n","protected":false},"author":1,"featured_media":0,"parent":0,"menu_order":0,"comment_status":"closed","ping_status":"closed","template":"","meta":{"footnotes":""},"class_list":["post-812","page","type-page","status-publish","hentry"],"_links":{"self":[{"href":"https:\/\/www.icu4u.ch\/index.php?rest_route=\/wp\/v2\/pages\/812","targetHints":{"allow":["GET"]}}],"collection":[{"href":"https:\/\/www.icu4u.ch\/index.php?rest_route=\/wp\/v2\/pages"}],"about":[{"href":"https:\/\/www.icu4u.ch\/index.php?rest_route=\/wp\/v2\/types\/page"}],"author":[{"embeddable":true,"href":"https:\/\/www.icu4u.ch\/index.php?rest_route=\/wp\/v2\/users\/1"}],"replies":[{"embeddable":true,"href":"https:\/\/www.icu4u.ch\/index.php?rest_route=%2Fwp%2Fv2%2Fcomments&post=812"}],"version-history":[{"count":5,"href":"https:\/\/www.icu4u.ch\/index.php?rest_route=\/wp\/v2\/pages\/812\/revisions"}],"predecessor-version":[{"id":1001,"href":"https:\/\/www.icu4u.ch\/index.php?rest_route=\/wp\/v2\/pages\/812\/revisions\/1001"}],"wp:attachment":[{"href":"https:\/\/www.icu4u.ch\/index.php?rest_route=%2Fwp%2Fv2%2Fmedia&parent=812"}],"curies":[{"name":"wp","href":"https:\/\/api.w.org\/{rel}","templated":true}]}}