{"id":762,"date":"2019-03-24T20:23:14","date_gmt":"2019-03-24T20:23:14","guid":{"rendered":"https:\/\/www.icu4u.ch\/?page_id=762"},"modified":"2019-05-24T22:28:41","modified_gmt":"2019-05-24T22:28:41","slug":"ueber-mich","status":"publish","type":"page","link":"https:\/\/www.icu4u.ch\/?page_id=762","title":{"rendered":"\u00dcber mich"},"content":{"rendered":"\n<p>Am 13.06.1961 w\u00fcrde ich in Luzern geboren.  Bis zum &#8222;Asylo&#8220;, dem italienischen Kinderhort,  verbrachte ich die ersten Jahre bei meinen Grosseltern.  1963 bei der Geburt meines Bruders Orlando, der kurz danach verschied, war ich bei meinen Eltern,  kam aber erst Ende 1964 definitiv zur\u00fcck in die Schweiz. 1965 gesellte sich meine erste Schwester,  1968 und 1972 die beiden anderen dazu. <\/p>\n\n\n\n<p>Beide Elternteile waren in den Kriegsjahren aufgewachsen und hatten eine d\u00fcrftige Grundbildung erlebt. Die Schule war in der zweiten beziehungsweise dritten  Klasse zu Ende. Mutter konnte die Grundrechenarten, lesen uns schreiben und brachte sich fehlendes bei. Vater konnte lesen, beim Rechnen und Schreiben hatte er M\u00fche.  <\/p>\n\n\n\n<p>Als Gastarbeiter in die Schweiz geholt arbeiteten sie als Erntehelfer, Fabrikarbeiter, Kranf\u00fchrer, Bauarbeiter, Gleisarbeiter, Kabelzieher,  Haushaltshilfe, Putzfrau und in der Gastronomie.  Trotz g\u00fcnstiger Genossenschaftswohnung waren beide Einkommen notwendig um die Familie durchzubringen. <\/p>\n\n\n\n<p>So kam es , dass ich bereits in Jungen Jahren Familienpflichten \u00fcbernahm. Von der \u00dcbersetzung, Verhandlung, Einkauf bis zum Kinderh\u00fcten, Nachhilfe und hinzuverdienen. Es zeigte sich schnell Tr\u00e4ume, ein Studium und intensives Lernen lagen nicht drin.<\/p>\n\n\n\n<p>Die Berufswahl, eine Lehre als Elektromonteur, ergab sich eher zuf\u00e4llig als und bewusst gew\u00e4hlt. Durch den Lehrer vorgeschlagen schnupperte ich und Dank meiner guten Noten wurde ich aufgenommen. Den Abschluss mit einer Ehrenmeldung verpasst ich nur knapp.  <\/p>\n\n\n\n<p>Anschliessend konnte ich mich beim Lehrbetrieb weiter hocharbeiten, durfte Lehrlinge betreuen und Ausbilden. Nachdem ich mehrere kleiner und gr\u00f6ssere Unf\u00e4lle als Folge des Zeitdruckes miterlebt hatte konnte ich vom Bereich Starkstrom in den Bereich Schwachstrom und Telefonie wechseln. Eine Anspruchsvolle und spannendere  T\u00e4tigkeit mit Ausbildung von Lernenden und Kunden.  <\/p>\n\n\n\n<p>Der Besuch des Tagestechnikum als Weiterbildung war nicht finanzierbar.  Damals wurde nur ein Stipendium pro Familie ausgerichtet. <br>Ich wurde an das Abendtechnikum verwiesen, welches ich Jahre sp\u00e4ter in Angriff nahm. <br>Berufliche Karriere, Weiterbildungen, Kundendienst in der ganzen Schweiz,  Familie, Finanzen und eine mehrj\u00e4hrige, t\u00e4gliche Abend Techniker-Schule war nicht unter einen Hut zu bringen.  Aktives Karate, sp\u00e4ter Jiujitsu und Judo,  sowie Mitinhaber eines Tonstudios welches wir nebenbei betrieben, ben\u00f6tigte auch seine Zeit. <br><br>Mit aufkommen der ersten Computer und industriellen Steuerungen fokussierte ich mich auf dieses Thema.  C64, Schneider, Atari,  Basic, Pascal , IBM PC 1 und vieles mehr war die neue Passion, welche mir T\u00fcre \u00f6ffnete und mich bis heute begleitet. <br><br>F\u00fcr einen Kollegen  installierte ich jeweils Abends und an Wochenenden PC&#8217;s bei Kunden und schulte die Applikationen. Ein sicheres, gutes und ausbaubares Gesch\u00e4ft mit guten Preisen und viel Marge, sofern man Eink\u00fcnfte seri\u00f6s in den Ausbau und Weiterbildung statt in Ferraris und exzessiven Lebensstil investiert.  <\/p>\n\n\n\n<p>Ein Wechsel in den Bereich Geb\u00e4udetechnik und insbesondere in den Bereich der Sicherheitstechnik war der n\u00e4chste Schritt. Auftragsabwicklung, AVOR,  Projektleitung, Produktmanagement, Ausbildung, Kundenbetreuung und technischer Verkauf waren die Aufgaben. <\/p>\n\n\n\n<p>Ich entschloss mich zu einer eine berufsbegleitende Ausbildung als Gesch\u00e4ftsf\u00fchrer (\u00e4quivalent Betriebswirt FHW) um betriebliche Zusammenh\u00e4nge besser zu verstehen, in der Karriere vorw\u00e4rts zu kommen  oder mich allenfalls in eine Selbstst\u00e4ndigkeit zu bewegen.  Ein H\u00f6rsturz und  Investitionsbedarf f\u00fcr die erste Digitalisierung, welche wir nicht stemmen wollten, f\u00fchrte letztendlich  zur schleichenden Aufgabe des Tonstudios. <\/p>\n","protected":false},"excerpt":{"rendered":"<p>Am 13.06.1961 w\u00fcrde ich in Luzern geboren. Bis zum &#8222;Asylo&#8220;, dem italienischen Kinderhort, verbrachte ich die ersten Jahre bei meinen Grosseltern. 1963 bei der Geburt meines Bruders Orlando, der kurz danach verschied, war ich bei meinen Eltern, kam aber erst Ende 1964 definitiv zur\u00fcck in die Schweiz. 1965 gesellte sich meine erste Schwester, 1968 und &hellip; <\/p>\n<p class=\"link-more\"><a href=\"https:\/\/www.icu4u.ch\/?page_id=762\" class=\"more-link\"><span class=\"screen-reader-text\">\u201e\u00dcber mich\u201c <\/span>weiterlesen<\/a><\/p>\n","protected":false},"author":1,"featured_media":0,"parent":0,"menu_order":0,"comment_status":"open","ping_status":"closed","template":"","meta":{"footnotes":""},"class_list":["post-762","page","type-page","status-publish","hentry"],"_links":{"self":[{"href":"https:\/\/www.icu4u.ch\/index.php?rest_route=\/wp\/v2\/pages\/762","targetHints":{"allow":["GET"]}}],"collection":[{"href":"https:\/\/www.icu4u.ch\/index.php?rest_route=\/wp\/v2\/pages"}],"about":[{"href":"https:\/\/www.icu4u.ch\/index.php?rest_route=\/wp\/v2\/types\/page"}],"author":[{"embeddable":true,"href":"https:\/\/www.icu4u.ch\/index.php?rest_route=\/wp\/v2\/users\/1"}],"replies":[{"embeddable":true,"href":"https:\/\/www.icu4u.ch\/index.php?rest_route=%2Fwp%2Fv2%2Fcomments&post=762"}],"version-history":[{"count":11,"href":"https:\/\/www.icu4u.ch\/index.php?rest_route=\/wp\/v2\/pages\/762\/revisions"}],"predecessor-version":[{"id":2326,"href":"https:\/\/www.icu4u.ch\/index.php?rest_route=\/wp\/v2\/pages\/762\/revisions\/2326"}],"wp:attachment":[{"href":"https:\/\/www.icu4u.ch\/index.php?rest_route=%2Fwp%2Fv2%2Fmedia&parent=762"}],"curies":[{"name":"wp","href":"https:\/\/api.w.org\/{rel}","templated":true}]}}