{"id":748,"date":"2019-03-24T17:58:25","date_gmt":"2019-03-24T17:58:25","guid":{"rendered":"https:\/\/www.icu4u.ch\/?page_id=748"},"modified":"2019-05-02T21:35:51","modified_gmt":"2019-05-02T21:35:51","slug":"fotos","status":"publish","type":"page","link":"https:\/\/www.icu4u.ch\/?page_id=748","title":{"rendered":"Fotos"},"content":{"rendered":"\n<p>Auf dieser Seite ver\u00f6ffentlichen wir eigenen oder freigegebene Bilder. Die Bilder sind mit einem Wasserzeichen versehen. S\u00e4mtliche Urheberrechte  und Copyright bleiben vorbehalten. Wer ein Originalabzug haben m\u00f6chte kann sich <a href=\"https:\/\/www.icu4u.ch\/?page_id=48\">hier <\/a>melden. <\/p>\n\n\n\n[gdgallery_gallery id_gallery=&#8220;4&#8243;]\n\n\n\n<p>Kollektion Blumen <\/p>\n\n\n\n[gdgallery_gallery id_gallery=&#8220;2&#8243;]\n\n\n\n<p>Kollektion Bergen \/ Natur <\/p>\n\n\n\n[gdgallery_gallery id_gallery=&#8220;1&#8243;]\n\n\n\n<p>Kollektion Sch\u00f6ne Orte \/ Geb\u00e4ude <\/p>\n","protected":false},"excerpt":{"rendered":"<p>Auf dieser Seite ver\u00f6ffentlichen wir eigenen oder freigegebene Bilder. Die Bilder sind mit einem Wasserzeichen versehen. S\u00e4mtliche Urheberrechte und Copyright bleiben vorbehalten. Wer ein Originalabzug haben m\u00f6chte kann sich hier melden. [gdgallery_gallery id_gallery=&#8220;4&#8243;] Kollektion Blumen [gdgallery_gallery id_gallery=&#8220;2&#8243;] Kollektion Bergen \/ Natur [gdgallery_gallery id_gallery=&#8220;1&#8243;] Kollektion Sch\u00f6ne Orte \/ Geb\u00e4ude<\/p>\n","protected":false},"author":1,"featured_media":0,"parent":0,"menu_order":0,"comment_status":"open","ping_status":"closed","template":"","meta":{"footnotes":""},"class_list":["post-748","page","type-page","status-publish","hentry"],"_links":{"self":[{"href":"https:\/\/www.icu4u.ch\/index.php?rest_route=\/wp\/v2\/pages\/748","targetHints":{"allow":["GET"]}}],"collection":[{"href":"https:\/\/www.icu4u.ch\/index.php?rest_route=\/wp\/v2\/pages"}],"about":[{"href":"https:\/\/www.icu4u.ch\/index.php?rest_route=\/wp\/v2\/types\/page"}],"author":[{"embeddable":true,"href":"https:\/\/www.icu4u.ch\/index.php?rest_route=\/wp\/v2\/users\/1"}],"replies":[{"embeddable":true,"href":"https:\/\/www.icu4u.ch\/index.php?rest_route=%2Fwp%2Fv2%2Fcomments&post=748"}],"version-history":[{"count":15,"href":"https:\/\/www.icu4u.ch\/index.php?rest_route=\/wp\/v2\/pages\/748\/revisions"}],"predecessor-version":[{"id":2085,"href":"https:\/\/www.icu4u.ch\/index.php?rest_route=\/wp\/v2\/pages\/748\/revisions\/2085"}],"wp:attachment":[{"href":"https:\/\/www.icu4u.ch\/index.php?rest_route=%2Fwp%2Fv2%2Fmedia&parent=748"}],"curies":[{"name":"wp","href":"https:\/\/api.w.org\/{rel}","templated":true}]}}