{"id":47,"date":"2019-03-11T19:46:10","date_gmt":"2019-03-11T19:46:10","guid":{"rendered":"https:\/\/www.icu4u.ch\/?page_id=47"},"modified":"2019-04-29T17:57:49","modified_gmt":"2019-04-29T17:57:49","slug":"investment-capital","status":"publish","type":"page","link":"https:\/\/www.icu4u.ch\/?page_id=47","title":{"rendered":"Investment &#038; Capital"},"content":{"rendered":"\n<p>Urspr\u00fcnglich <em><strong>Investment Club Urbanetti <\/strong><\/em>Ist der \u00e4lteste Zweig der ICU GmbH.Mit investment &amp; Capital bieten wir auf die Bed\u00fcrfnisse von Private und Unternehmen sowie Startup angepasste Services.  Was k\u00f6nnen wir f\u00fcr Sie tun?  <br><br>&#8211; Interim- Management sowie tempor\u00e4re Springer T\u00e4tigkeiten  <br>&#8211; Ausf\u00fcllen der<a href=\"https:\/\/www.icu4u.ch\/?page_id=1906\"> Steuererkl\u00e4rungen<\/a> und Steueroptimierungen  <br>&#8211; Firmengr\u00fcndung, Finanz- und Businesspl\u00e4ne  erstellen \/ pr\u00fcfen<br>&#8211; Treuhand und Verwaltung, Domizil, Buchhaltungen f\u00fcr KMU  <br>&#8211; Budgetberatung und Schuldensanierung   <br>&#8211; Vermittlung von Finanzierungen und Investoren <br>&#8211; Versicherung und Sozialversicherung pr\u00fcfen \/ optimieren<br>&#8211; Vermietung\/Verkauf von Liegenschaften und Lokalit\u00e4ten. <br>&#8211; Verm\u00f6gens-, Finanz- und Pensionsplanung  (bereits ab 16 Jahre) <br>&#8211; <a href=\"https:\/\/www.icu4u.ch\/?page_id=205\">Reise und Genesungsbegleitung<\/a><br>&#8211; <a href=\"https:\/\/www.icu4u.ch\/?page_id=98%EF%BB%BF\">Erholung und Vermietungen<\/a> <\/p>\n\n\n\n<p>\n\nGerne nehmen wir Ihre&nbsp;<a href=\"https:\/\/www.icu4u.ch\/?page_id=48\">Anfrage<\/a>&nbsp;entgegen.\n\n<\/p>\n\n\n\n<hr class=\"wp-block-separator\"\/>\n","protected":false},"excerpt":{"rendered":"<p>Urspr\u00fcnglich Investment Club Urbanetti Ist der \u00e4lteste Zweig der ICU GmbH.Mit investment &amp; Capital bieten wir auf die Bed\u00fcrfnisse von Private und Unternehmen sowie Startup angepasste Services. Was k\u00f6nnen wir f\u00fcr Sie tun? &#8211; Interim- Management sowie tempor\u00e4re Springer T\u00e4tigkeiten &#8211; Ausf\u00fcllen der Steuererkl\u00e4rungen und Steueroptimierungen &#8211; Firmengr\u00fcndung, Finanz- und Businesspl\u00e4ne erstellen \/ pr\u00fcfen&#8211; Treuhand &hellip; <\/p>\n<p class=\"link-more\"><a href=\"https:\/\/www.icu4u.ch\/?page_id=47\" class=\"more-link\"><span class=\"screen-reader-text\">\u201eInvestment &#038; Capital\u201c <\/span>weiterlesen<\/a><\/p>\n","protected":false},"author":1,"featured_media":0,"parent":0,"menu_order":0,"comment_status":"closed","ping_status":"closed","template":"","meta":{"footnotes":""},"class_list":["post-47","page","type-page","status-publish","hentry"],"_links":{"self":[{"href":"https:\/\/www.icu4u.ch\/index.php?rest_route=\/wp\/v2\/pages\/47","targetHints":{"allow":["GET"]}}],"collection":[{"href":"https:\/\/www.icu4u.ch\/index.php?rest_route=\/wp\/v2\/pages"}],"about":[{"href":"https:\/\/www.icu4u.ch\/index.php?rest_route=\/wp\/v2\/types\/page"}],"author":[{"embeddable":true,"href":"https:\/\/www.icu4u.ch\/index.php?rest_route=\/wp\/v2\/users\/1"}],"replies":[{"embeddable":true,"href":"https:\/\/www.icu4u.ch\/index.php?rest_route=%2Fwp%2Fv2%2Fcomments&post=47"}],"version-history":[{"count":15,"href":"https:\/\/www.icu4u.ch\/index.php?rest_route=\/wp\/v2\/pages\/47\/revisions"}],"predecessor-version":[{"id":1948,"href":"https:\/\/www.icu4u.ch\/index.php?rest_route=\/wp\/v2\/pages\/47\/revisions\/1948"}],"wp:attachment":[{"href":"https:\/\/www.icu4u.ch\/index.php?rest_route=%2Fwp%2Fv2%2Fmedia&parent=47"}],"curies":[{"name":"wp","href":"https:\/\/api.w.org\/{rel}","templated":true}]}}