{"id":466,"date":"2019-03-22T16:17:07","date_gmt":"2019-03-22T16:17:07","guid":{"rendered":"https:\/\/www.icu4u.ch\/?page_id=466"},"modified":"2019-04-27T17:53:33","modified_gmt":"2019-04-27T17:53:33","slug":"filosofie","status":"publish","type":"page","link":"https:\/\/www.icu4u.ch\/?page_id=466","title":{"rendered":"Filosofie"},"content":{"rendered":"\n<p> <a href=\"https:\/\/de.wikipedia.org\/wiki\/Beratung\">Consulting<\/a> (Berater), <a href=\"https:\/\/de.wikipedia.org\/wiki\/Coaching\">Coaching<\/a>, <a href=\"https:\/\/de.wikipedia.org\/wiki\/Mentor\">Mentor<\/a>,  Ausbildner und <a href=\"https:\/\/de.wikipedia.org\/wiki\/Mediator\">Mediator <\/a>sind keine gesch\u00fctzten Berufsbezeichnungen. Diese werden oft Interessen-orientiert verwendet und vermengt.  ICU GmbH deckt die Bereiche nach folgenden Grunds\u00e4tzen ab.<\/p>\n\n\n\n<p><strong>Coaching:<\/strong><br><strong>ist eine eigenverantwortlicher L\u00f6sungsfindung durch den  Coachee. Der Coach hat die Rolle eines Lernbegleiters. Die Verantwortung f\u00fcr die L\u00f6sung bleibt beim Coachee. <\/strong><br>Der Mensch und das Thema stehen im Mittelpunkt. Als Vertrauens-  und Gespr\u00e4chspartner unterst\u00fctzt der Coach mit kritischem, strukturiertem Hinterfragen sowie Aufzeigen von Alternativen und Konsequenzen. <\/p>\n\n\n\n<p><em>ICU GmbH engagiert sich f\u00fcr den Coachee unter Wahrung des Berufsgeheimnis und der Verschwiegenheit. <\/em><\/p>\n\n\n\n<p><strong>Consulting:<br>ist das vorschlagen  konkreter Handlungsempfehlung und\/oder Entscheidungsgrundlagen. Die Verantwortung f\u00fcr die L\u00f6sung wird an den Consulter delegiert.<\/strong><br>Beratung durch den Consulter eines Anbieters ist ein Verkaufsprozess verbunden mit dem Ziel der Selbstempfehlung. Angestellte eines Unternehmens und auch Makler  haben oft versteckte Interessen und Pr\u00e4ferenzen.  (Provision, Abh\u00e4ngigkeit, Zielerreichung, Beg\u00fcnstigung, Fan- und Vetternwirtschaft). Dies trifft oft auch auf Honorar basierte &#8222;selbstst\u00e4ndige und neutrale&#8220; Consulter zu.  <\/p>\n\n\n\n<p><em>ICU GmbH engagiert sich f\u00fcr transparente klare Leistungsausweise sowie faire Honorar basierte Leistungen nach Aufwand oder Fixpreis. Interessenbindungen und Partnerschaften werden offengelegt.  <\/em><\/p>\n\n\n\n<p><strong>Mentoring: <\/strong><br><strong>ist der pers\u00f6nlichen Wissenstransfer durch eine erfahrene Person an eine unerfahrenen Person (Mentee). <\/strong><br>Der Mentee steht im Mittelpunkt und das Ziel ist es, die pers\u00f6nliche oder berufliche Entwicklung zu unterst\u00fctzen. <br>In Mentoring-Beziehungen werden Ausbildung, Karriere, Freizeit, Werte, Pers\u00f6nlichkeitsentwicklung, Glauben und Spiritualit\u00e4t offen thematisiert. <\/p>\n\n\n\n<p><em>ICU GmbH engagiert sich f\u00fcr Mentoring, das Weitergeben von Wissen sowie das ausmerzen der Unsitte &#8222;Vorsprung \/  Unersetzbarkeit durch nicht Weitersagen&#8220;.  Bildungsplanung, Bildungskonzepte und Mentoring bilden das Knowledge Management Dreieck.     <\/em><\/p>\n\n\n\n<p><strong>Mediation:<\/strong><br><strong>ist eine unabh\u00e4ngige all parteiliche Vermittlung mit dem Ziel der konstruktiven Beilegung eines Konflikts. <\/strong><br>Der Mediator begleitet die Konfliktparteien bei der Erarbeitung des L\u00f6sungsprozess bei welchem versucht wird eine gemeinsamen Vereinbarung zu erarbeiten  welche die Bed\u00fcrfnisse und Interessen beidseitig abdeckt.  <\/p>\n\n\n\n<p><em> ICU GmbH engagiert sich f\u00fcr Mediation und das erreichen von WIN-WIN Situationen sowie das Bek\u00e4mpfen jeglicher Korruption (d.h. der Missbrauch der anvertrauten Machtposition f\u00fcr pers\u00f6nliche Zwecke)  und systembedingte Machtstrukturen.       <\/em><\/p>\n","protected":false},"excerpt":{"rendered":"<p>Consulting (Berater), Coaching, Mentor, Ausbildner und Mediator sind keine gesch\u00fctzten Berufsbezeichnungen. Diese werden oft Interessen-orientiert verwendet und vermengt. ICU GmbH deckt die Bereiche nach folgenden Grunds\u00e4tzen ab. Coaching:ist eine eigenverantwortlicher L\u00f6sungsfindung durch den Coachee. Der Coach hat die Rolle eines Lernbegleiters. Die Verantwortung f\u00fcr die L\u00f6sung bleibt beim Coachee. Der Mensch und das Thema stehen &hellip; <\/p>\n<p class=\"link-more\"><a href=\"https:\/\/www.icu4u.ch\/?page_id=466\" class=\"more-link\"><span class=\"screen-reader-text\">\u201eFilosofie\u201c <\/span>weiterlesen<\/a><\/p>\n","protected":false},"author":1,"featured_media":0,"parent":0,"menu_order":0,"comment_status":"closed","ping_status":"closed","template":"","meta":{"footnotes":""},"class_list":["post-466","page","type-page","status-publish","hentry"],"_links":{"self":[{"href":"https:\/\/www.icu4u.ch\/index.php?rest_route=\/wp\/v2\/pages\/466","targetHints":{"allow":["GET"]}}],"collection":[{"href":"https:\/\/www.icu4u.ch\/index.php?rest_route=\/wp\/v2\/pages"}],"about":[{"href":"https:\/\/www.icu4u.ch\/index.php?rest_route=\/wp\/v2\/types\/page"}],"author":[{"embeddable":true,"href":"https:\/\/www.icu4u.ch\/index.php?rest_route=\/wp\/v2\/users\/1"}],"replies":[{"embeddable":true,"href":"https:\/\/www.icu4u.ch\/index.php?rest_route=%2Fwp%2Fv2%2Fcomments&post=466"}],"version-history":[{"count":4,"href":"https:\/\/www.icu4u.ch\/index.php?rest_route=\/wp\/v2\/pages\/466\/revisions"}],"predecessor-version":[{"id":507,"href":"https:\/\/www.icu4u.ch\/index.php?rest_route=\/wp\/v2\/pages\/466\/revisions\/507"}],"wp:attachment":[{"href":"https:\/\/www.icu4u.ch\/index.php?rest_route=%2Fwp%2Fv2%2Fmedia&parent=466"}],"curies":[{"name":"wp","href":"https:\/\/api.w.org\/{rel}","templated":true}]}}