{"id":3,"date":"2019-03-04T20:49:24","date_gmt":"2019-03-04T20:49:24","guid":{"rendered":"https:\/\/www.icu4u.ch\/?page_id=3"},"modified":"2019-04-27T17:50:06","modified_gmt":"2019-04-27T17:50:06","slug":"privacy-policy","status":"publish","type":"page","link":"https:\/\/www.icu4u.ch\/?page_id=3","title":{"rendered":"\u00a9 Copyright 2019 ICU GmbH \/ Impressum \/ DSGVO"},"content":{"rendered":"\n<p>All Right reserved.  Alle Rechte sind vorbehalten. Insbesondere die Urheberrechte an Inhalt, Bilder Texte, Seminare und Kursen. Kommerzielle Verwendung und Verbreitung durch Downloads, auch nur auszugsweise,  ist nicht gestattet. Verwendung f\u00fcr Schulungszwecke  sind, mit Hinweis auf die Quelle  und Beachtung der GPL Lizenzierung sowie Open Source Regelung zul\u00e4ssig. Bei Fragen <a href=\"https:\/\/www.icu4u.ch\/?page_id=48\">kontaktieren<\/a> Sie uns <br><\/p>\n\n\n\n<hr class=\"wp-block-separator\"\/>\n\n\n\n<h3 class=\"wp-block-heading\">Disclaimer \/ Haftungsauschluss  <\/h3>\n\n\n\n<p>Diese Seite, mit all deren Inhalte und Links wurden nach Bestem Wissen und Gewissen erstellt und gepr\u00fcft. F\u00fcr Fehler, fehlerhafte Links, Falschinformationen, Fakenews, Phishing, Hacking, Spamming oder sonstigen illegalen Missbrauch lehnen wir jegliche Verantwortung ab. <br>Im Blog werden pers\u00f6nliche Meinungen, unter Beachtung des Grundrecht der freien Meinungs\u00e4usserung, wiedergegeben. F\u00fcr den Inhalt ist jeweils der Autor \/ Kommentator alleine Verantwortlich ist. Stellen Sie Unregelm\u00e4ssigkeiten, anst\u00f6ssiges oder rechtswidriges fest bedanken wir uns f\u00fcr eine  <a href=\"mailto:Info@ICU4U.ch\">Meldung<\/a>. <br>Wir behalten uns vor Blogs und Kommentare zu schw\u00e4rzen oder zu l\u00f6schen.  <\/p>\n\n\n\n<hr class=\"wp-block-separator\"\/>\n\n\n\n<h3 class=\"wp-block-heading\">Impressum \/ Datenschutz<\/h3>\n\n\n\n<p><strong>Webseitenbetreiber, Programmierung und Gestaltung <\/strong><br>\u00a9 ICU GmbhH, Mooshofstrasse 2, 6215 Berom\u00fcnster, Tel- +41 78 753 6720, <a href=\"mailto:Arnaldo.Urbanetti@ICU4U.ch\">E-Mail<\/a><br><strong>Hosting<\/strong><br><a href=\"http:\/\/www. metanet.ch \">Metanet<\/a>, Josefstrasse 218,  8005 Z\u00fcrich  <a href=\"http:\/\/www. metanet.ch \">www. metanet.ch <\/a><br><strong><a href=\"https:\/\/www.icu4u.ch\/?page_id=735\">Datenschutz <\/a><\/strong><br><a href=\"https:\/\/www.icu4u.ch\/?page_id=735\">gem\u00e4ss DSGVO EU finden Sie hier.<\/a><\/p>\n\n\n\n<p><\/p>\n\n\n\n<hr class=\"wp-block-separator\"\/>\n","protected":false},"excerpt":{"rendered":"<p>All Right reserved. Alle Rechte sind vorbehalten. Insbesondere die Urheberrechte an Inhalt, Bilder Texte, Seminare und Kursen. Kommerzielle Verwendung und Verbreitung durch Downloads, auch nur auszugsweise, ist nicht gestattet. Verwendung f\u00fcr Schulungszwecke sind, mit Hinweis auf die Quelle und Beachtung der GPL Lizenzierung sowie Open Source Regelung zul\u00e4ssig. Bei Fragen kontaktieren Sie uns Disclaimer \/ &hellip; <\/p>\n<p class=\"link-more\"><a href=\"https:\/\/www.icu4u.ch\/?page_id=3\" class=\"more-link\"><span class=\"screen-reader-text\">\u201e\u00a9 Copyright 2019 ICU GmbH \/ Impressum \/ DSGVO\u201c <\/span>weiterlesen<\/a><\/p>\n","protected":false},"author":1,"featured_media":0,"parent":0,"menu_order":0,"comment_status":"closed","ping_status":"closed","template":"","meta":{"footnotes":""},"class_list":["post-3","page","type-page","status-publish","hentry"],"_links":{"self":[{"href":"https:\/\/www.icu4u.ch\/index.php?rest_route=\/wp\/v2\/pages\/3","targetHints":{"allow":["GET"]}}],"collection":[{"href":"https:\/\/www.icu4u.ch\/index.php?rest_route=\/wp\/v2\/pages"}],"about":[{"href":"https:\/\/www.icu4u.ch\/index.php?rest_route=\/wp\/v2\/types\/page"}],"author":[{"embeddable":true,"href":"https:\/\/www.icu4u.ch\/index.php?rest_route=\/wp\/v2\/users\/1"}],"replies":[{"embeddable":true,"href":"https:\/\/www.icu4u.ch\/index.php?rest_route=%2Fwp%2Fv2%2Fcomments&post=3"}],"version-history":[{"count":33,"href":"https:\/\/www.icu4u.ch\/index.php?rest_route=\/wp\/v2\/pages\/3\/revisions"}],"predecessor-version":[{"id":1835,"href":"https:\/\/www.icu4u.ch\/index.php?rest_route=\/wp\/v2\/pages\/3\/revisions\/1835"}],"wp:attachment":[{"href":"https:\/\/www.icu4u.ch\/index.php?rest_route=%2Fwp%2Fv2%2Fmedia&parent=3"}],"curies":[{"name":"wp","href":"https:\/\/api.w.org\/{rel}","templated":true}]}}