{"id":206,"date":"2019-03-17T09:25:33","date_gmt":"2019-03-17T09:25:33","guid":{"rendered":"https:\/\/www.icu4u.ch\/?page_id=206"},"modified":"2019-04-27T17:56:37","modified_gmt":"2019-04-27T17:56:37","slug":"links","status":"publish","type":"page","link":"https:\/\/www.icu4u.ch\/?page_id=206","title":{"rendered":"Links"},"content":{"rendered":"<p><a href=\"http:\/\/avenir50plus.ch\" data-elementor-open-lightbox=\"\" target=\"_blank\" rel=\"noopener noreferrer\"><br \/>\n<img loading=\"lazy\" decoding=\"async\" width=\"460\" height=\"93\" src=\"https:\/\/www.icu4u.ch\/wp-content\/uploads\/2019\/03\/Logo_Avenir50plus-def-fg-460px.png\" alt=\"\" srcset=\"https:\/\/www.icu4u.ch\/wp-content\/uploads\/2019\/03\/Logo_Avenir50plus-def-fg-460px.png 460w, https:\/\/www.icu4u.ch\/wp-content\/uploads\/2019\/03\/Logo_Avenir50plus-def-fg-460px-300x61.png 300w\" sizes=\"auto, 100vw\">\t\t\t\t\t\t\t\t<\/a><\/p>\n<p>Der Verband der sich f\u00fcr die Rechte von langzeitarbeitslose, ausgesteuerte, Erwerbslose und Sozialhilfeempf\u00e4nger sowie Menschen die am Existenzminimum die in der Schweiz leben, politisch, beratend wie auch unterst\u00fctzend engagiert.<br \/>\nDie Verbandsmitglieder arbeiten ehrenamtlich und sind teils selbst betroffen.&nbsp;<br \/>\nBitte unterst\u00fctzen Sie mit dem Vermerk ICU4U.&nbsp;<br \/>\nPC Konto: 46-110-7 IBAN-Nr. CH02 0839 0032 1466 1000&nbsp;<\/p>\n<p><a href=\"https:\/\/www.beobachter.ch\/sos-beobachter\" data-elementor-open-lightbox=\"\" target=\"_blank\" rel=\"noopener noreferrer\"><br \/>\n<img loading=\"lazy\" decoding=\"async\" width=\"480\" height=\"391\" src=\"https:\/\/www.icu4u.ch\/wp-content\/uploads\/2019\/03\/sos_logo_stiftung_1.png\" alt=\"\" srcset=\"https:\/\/www.icu4u.ch\/wp-content\/uploads\/2019\/03\/sos_logo_stiftung_1.png 480w, https:\/\/www.icu4u.ch\/wp-content\/uploads\/2019\/03\/sos_logo_stiftung_1-300x244.png 300w\" sizes=\"auto, 100vw\">\t\t\t\t\t\t\t\t<\/a><\/p>\n<p>Die Stiftung SOS Beobachter die oft dort einspringt, wenn unsere Gesellschaft versagt und die Menschen durch bewusste von Wirtschaftsinteressen&nbsp;gewollte L\u00fccken fallen l\u00e4sst.&nbsp;<\/p>\n<p>Bitte unterst\u00fctzen Sie mit dem Vermerk ICU4U.<br \/>\nPostkonto 80-70-2<br \/>\nIBAN CH84 0900 0000 8000 0070 2<\/p>\n<p><a href=\"http:\/\/www.workfair50plus.ch\/\" data-elementor-open-lightbox=\"\" target=\"_blank\" rel=\"noopener noreferrer\"><br \/>\n<img loading=\"lazy\" decoding=\"async\" width=\"200\" height=\"79\" src=\"https:\/\/www.icu4u.ch\/wp-content\/uploads\/2019\/03\/image-5.png\" alt=\"\" sizes=\"auto, 100vw\">\t\t\t\t\t\t\t\t<\/a><\/p>\n<h3>Initiative Arbeit statt Armut<\/h3>\n<p>Bitte Initiative unterst\u00fctzen und Unterschriften sammeln. <a href=\"https:\/\/www.icu4u.ch\/wp-content\/uploads\/2019\/03\/Initiative-Unterschriftenbogen-D.pdf\">Hier finden Sie den Unterschriftenbogen<\/a>.&nbsp;Danke<\/p>\n<p>&#8222;Auch wenn dies kein Arbeitgeber \u00f6ffentlich zugeben wird, der Austausch von Betroffenen 50+ gegen j\u00fcngere, g\u00fcnstigere Fachkr\u00e4fte ist seit einigen Jahren g\u00e4ngige Praxis im Schweizer Arbeitsmarkt. Ein Altersfilter sortiert vielfach die neuen Bewerbungen von Betroffenen 50+, (teilweise bereits 45+) aus, sodass sie kaum mehr zu neuen Vorstellungsm\u00f6glichkeiten kommen k\u00f6nnen. Die Folge sind Aussteuerung, Verm\u00f6gensverzehr, Sozialhilfe. Nur 14% aller Ausgesteuerten schaffen den Wiedereinstieg in den 1. Arbeitsmarkt!&#8220;<\/p>\n<p>Noch unfairer ist die systematische Aussortierung von potenziell gesundheitlich gef\u00e4hrdeten, oft \u00e4lteren Mitarbeitern welche \u00fcberdurchschnittliche Leistungstr\u00e4ger waren, um Erh\u00f6hung von Versicherungspr\u00e4mie und Kostenbeteiligung zu vermeiden.&nbsp;<\/p>\n<p>&#8222;Wir wollen mit unserer Initiative den vielen fairen Unternehmen die M\u00f6glichkeit geben, dass sie \u00e4ltere Arbeitnehmer durch einen Einheitssatz weiterhin im Arbeitsmarktprozess halten k\u00f6nnen bzw. auf diesem Wege der Altersdiskriminierung im Arbeitsmarkt und der drohenden Altersarmut aktiv entgegentreten sowie bereit sind, den Art. 8 der BV (Rechtsgleichheit) auch zu respektieren und einhalten zu wollen.&#8220;<\/p>\n","protected":false},"excerpt":{"rendered":"<p>Der Verband der sich f\u00fcr die Rechte von langzeitarbeitslose, ausgesteuerte, Erwerbslose und Sozialhilfeempf\u00e4nger sowie Menschen die am Existenzminimum die in der Schweiz leben, politisch, beratend wie auch unterst\u00fctzend engagiert. Die Verbandsmitglieder arbeiten ehrenamtlich und sind teils selbst betroffen.&nbsp; Bitte unterst\u00fctzen Sie mit dem Vermerk ICU4U.&nbsp; PC Konto: 46-110-7 IBAN-Nr. CH02 0839 0032 1466 1000&nbsp; Die &hellip; <\/p>\n<p class=\"link-more\"><a href=\"https:\/\/www.icu4u.ch\/?page_id=206\" class=\"more-link\"><span class=\"screen-reader-text\">\u201eLinks\u201c <\/span>weiterlesen<\/a><\/p>\n","protected":false},"author":1,"featured_media":0,"parent":0,"menu_order":0,"comment_status":"closed","ping_status":"closed","template":"","meta":{"footnotes":""},"class_list":["post-206","page","type-page","status-publish","hentry"],"_links":{"self":[{"href":"https:\/\/www.icu4u.ch\/index.php?rest_route=\/wp\/v2\/pages\/206","targetHints":{"allow":["GET"]}}],"collection":[{"href":"https:\/\/www.icu4u.ch\/index.php?rest_route=\/wp\/v2\/pages"}],"about":[{"href":"https:\/\/www.icu4u.ch\/index.php?rest_route=\/wp\/v2\/types\/page"}],"author":[{"embeddable":true,"href":"https:\/\/www.icu4u.ch\/index.php?rest_route=\/wp\/v2\/users\/1"}],"replies":[{"embeddable":true,"href":"https:\/\/www.icu4u.ch\/index.php?rest_route=%2Fwp%2Fv2%2Fcomments&post=206"}],"version-history":[{"count":32,"href":"https:\/\/www.icu4u.ch\/index.php?rest_route=\/wp\/v2\/pages\/206\/revisions"}],"predecessor-version":[{"id":1402,"href":"https:\/\/www.icu4u.ch\/index.php?rest_route=\/wp\/v2\/pages\/206\/revisions\/1402"}],"wp:attachment":[{"href":"https:\/\/www.icu4u.ch\/index.php?rest_route=%2Fwp%2Fv2%2Fmedia&parent=206"}],"curies":[{"name":"wp","href":"https:\/\/api.w.org\/{rel}","templated":true}]}}