{"id":2,"date":"2019-03-04T20:49:24","date_gmt":"2019-03-04T20:49:24","guid":{"rendered":"https:\/\/www.icu4u.ch\/?page_id=2"},"modified":"2019-05-22T18:13:12","modified_gmt":"2019-05-22T18:13:12","slug":"sample-page","status":"publish","type":"page","link":"https:\/\/www.icu4u.ch\/","title":{"rendered":"Willkommen"},"content":{"rendered":"<p><\/p>\n<p>Herzlich Willkommen bei ICU GmbH. <br \/>Unser Ziele sind individuelle ganzheitliche Dienstleistungen und Kundenorientierung im Einklang mit nachhaltigen, moralischen und ethischen Werten.\u00a0ICU GmbH bietet nachfolgende Dienstleistungen an:<\/p>\n<p>\u00a0<\/p>\n<p><\/p>\t\t\n\t\t\t\t\t\t\t\t\t\t\t\t<a href=\"\">Ausbildung, Coaching &#038; Learning <\/a>\n\t\t\t\t\t<p>Im Zeitalter von Industrie 4.0 und Digitalisierung ist lebenslanges Lernen das Gebot der Stunde. Wissen weiter zu geben und zu Teilen wird Pflicht.\u00a0Die Untugend &#8222;Vorsprung durch nicht weitersagen und Wissen zu horten&#8220; ist vorbei. <\/p>\n<p>Mit <u><a href=\"https:\/\/www.icu4u.ch\/?page_id=45\">individual Coaching<\/a><\/u> bieten wir auf die Bed\u00fcrfnisse von Unternehmen und Private angepasste Beratungen, Schulungen, Lehrg\u00e4nge, Seminare, Kurse und Coachings.\u00a0<\/p>\n<p>Ist &#8222;Digitalisierung&#8220; oder Digitale Transformation\u00a0 und die diesbez\u00fcgliche Entwicklung Ihrer Mitarbeiter\u00a0 ein Thema oder deckt sich unser\u00a0<u><a href=\"https:\/\/www.icu4u.ch\/?page_id=542\">Themenspiegel<\/a><\/u>\u00a0mit allf\u00e4lligen Bed\u00fcrfnissen?\u00a0Dann <a style=\"font-size: 1rem; background-color: #ffffff;\" href=\"https:\/\/www.icu4u.ch\/?page_id=48\"><u>kontaktieren<\/u> <\/a>Sie uns.\u00a0Fordern Sie uns und lassen Sie uns Ihre Zielsetzungen besprechen. Mit den Kooperationspartner erarbeiten ich gerne Bildungskonzept und Angebot.<\/p>\n<p>\u00d6ffentliche wie individuelle Kurse und Seminare finden Sie <a style=\"font-size: 1rem; background-color: #ffffff;\" href=\"https:\/\/www.icu4u.ch\/?page_id=1650\"><u>hier<\/u><\/a>. Referenzen und Erfahrungsberichte\u00a0<u style=\"font-size: 1rem;\"><a href=\"https:\/\/www.icu4u.ch\/?page_id=1650\">hier<\/a><\/u>.\u00a0<\/p>\n<p>Interessiert an <u style=\"font-size: 1rem;\"><a href=\"https:\/\/www.icu4u.ch\/?page_id=858\">Newsletter<\/a><\/u>?\u00a0Dann\u00a0 melden Sie sich an.<\/p>\n\t\t\t\t\t\t\t\t\t\t\t\t<a href=\"\">Consulting (Beratungen) <\/a>\n\t\t\t\t\t<p>Mit <u><a href=\"https:\/\/www.icu4u.ch\/?page_id=14\">individual Consulting<\/a> <\/u>bieten wir auf die Bed\u00fcrfnisse von Private und Unternehmen angepasste pers\u00f6nliche Beratungen. Diese reichen von der Bildungs-, Lebens-,\u00a0Unternehmens-, Nachfolge-, Finanz-, Sozial-\u00a0bis hin zur Technologieberatung. <\/p>\n<p>\u00a0<\/p>\n<p>Ist Digitale Transformation, Industrie 4.0, IoT\u00a0 etc. ein Thema oder deckt sich unser\u00a0<u style=\"font-size: 1rem;\"><a href=\"https:\/\/www.icu4u.ch\/?page_id=542\">Themenspiegel<\/a><\/u>\u00a0mit allf\u00e4lligen Bed\u00fcrfnissen?\u00a0\u00a0Dann <a href=\"https:\/\/www.icu4u.ch\/?page_id=48\"><u>kontaktieren\u00a0<\/u><\/a>Sie uns.\u00a0Fordern Sie uns und lassen Sie uns Ihre Zielsetzungen besprechen .Mit den Kooperationspartner erarbeiten wir gerne Konzept und Angebot.\u00a0<\/p>\n<p>Eine \u00dcbersicht unserer Leistung finden Sie <a href=\"https:\/\/www.icu4u.ch\/?page_id=1650\"><u>hier<\/u><\/a>.\u00a0<\/p>\n<p>Referenzberichte finden Sie <a style=\"background-color: #ffffff; font-size: 1rem;\" href=\"https:\/\/www.icu4u.ch\/?page_id=1650\"><u>hier<\/u><\/a>. Interessiert an<a href=\"https:\/\/www.icu4u.ch\/?page_id=858\">\u00a0<\/a><u><a href=\"https:\/\/www.icu4u.ch\/?page_id=858\">Newslette<\/a>r<\/u>?\u00a0\u00a0Dann melden sich an.<\/p>\n\t\t\t\t\t\t\t\t\t\t\t\t<a href=\"\">Services f\u00fcr Private und Unternehmen<\/a>\n\t\t\t\t\t<p><em style=\"border: 0px; vertical-align: baseline; box-sizing: inherit; white-space: pre-wrap;\">Investment Club Urbanetti, <\/em>der \u00e4lteste Zweig der ICU, ist nun in Investment &amp; Capital integriert worden. Wir bieten auf die Bed\u00fcrfnisse von Private und Unternehmen, insbesondere Startups, Klein- und Mittlere Unternehmen angepasste Services. Konkret sind dies: <\/p>\n<ul>\n<li>Interim- Management sowie tempor\u00e4re Springer T\u00e4tigkeiten\u00a0<\/li>\n<li>Ausf\u00fcllen von <u><a href=\"https:\/\/www.icu4u.ch\/?page_id=1906\">Steuererkl\u00e4runge<\/a>n<\/u>, pr\u00fcfen und optimieren. Firmengr\u00fcndung, Finanz- und Businesspl\u00e4ne erstellen \/ pr\u00fcfen\u00a0<\/li>\n<li>Treuhand und Verwaltung, Domizil, Buchhaltungen f\u00fcr Startup \/ Kleinunternehmen <\/li>\n<li>Budgetberatung und Schuldensanierung <\/li>\n<li>Vermittlung von Finanzierungen und Investoren <\/li>\n<li>Versicherung und Sozialversicherung pr\u00fcfen \/ optimieren <\/li>\n<li>Vermietung\/Verkauf von Liegenschaften und Lokalit\u00e4ten. <\/li>\n<li>Verm\u00f6gens-, Finanz- und Pensionsplanung (bereits ab 16 Jahre sinnvoll) <\/li>\n<li><a href=\"https:\/\/www.icu4u.ch\/?page_id=1101\">Reise- und Genesungsbegleitung <\/a><\/li>\n<li><a style=\"font-size: 1rem; outline: 0px; border: 0px; vertical-align: baseline; box-sizing: inherit; box-shadow: #0f0f0f 0px -1px 0px inset; white-space: pre-wrap; background-color: #ffffff;\" href=\"https:\/\/www.icu4u.ch\/?page_id=98%EF%BB%BF\">Erholung und Vermietungen<\/a><\/li>\n<\/ul>\nGerne nehmen wir Ihre<u>\u00a0<a style=\"background-color: #ffffff; font-size: 1rem;\" href=\"https:\/\/www.icu4u.ch\/?page_id=48\">Anfrage<\/a><\/u>\u00a0entgegen.<br \/><br \/>\n\t\t\t\t\t\t\t\t\t\t\t\t<a href=\"\">Kunst und Kreativit\u00e4t<\/a>\n\t\t\t\t\t<p>Als Ausgleich und zum Abschalten gedacht entwickelte sich Malen zu Hobby und Passion. In der Genesungsbegleitung und der Psychotherapie wird Malen auch als Therapie eingesetzt. Freunde motivierten mich meine Bilder hier zu zeigen, zum Kauf anzubieten und Bilder\u00a0 im Auftrag anzufertigen. Alle Bilder sind urheberrechtlich gesch\u00fctzt, eine kommerzielle Verwendung ist nicht gestattet. <a href=\"https:\/\/www.icu4u.ch\/?page_id=46\"><u>Zu den Bildern.<\/u><\/a> <u><a href=\"https:\/\/www.icu4u.ch\/?page_id=748\">Zu den Fotos<\/a><\/u><\/p>\n<p><\/p>\n<p>Auftr\u00e4ge und Kaufangebote nehmen wir\u00a0<a href=\"http:\/\/www.icu4u.ch\/?page_id=48\"><u>hier<\/u><\/a> entgegen. Preise auf Anfrage<\/p>\n\t\t\t\t\t\t\t\t\t\t\t\t<a href=\"\">Erholung und Entspannung<\/a>\n\t\t\t\t\t<p>Verschiedene Angebote der ICU GmbH dienen der k\u00f6rperlichen und geistigen Erholung und werden im Rahmen von Kursen angeboten. Ein weiteres Angebot ist die Vermittlung und <a href=\"https:\/\/www.icu4u.ch\/?page_id=98\"><u>Vermietungen<\/u><\/a> von privaten Ferienwohnungen und Immobilien. An einer Vermietung Ihrer Liegenschaft interessiert? Dann\u00a0<u style=\"font-size: 1rem; background-color: #ffffff;\"><a style=\"font-size: 1rem; background-color: #ffffff;\" href=\"http:\/\/www.icu4u.ch\/?page_id=48\">melden <\/a><\/u>\u00a0Sie sich.<\/p>\n\t\t\t\t\t\t\t\t\t\t\t\t<a href=\"\">Reisen &#038; Genesung<\/a>\n\t\t\t\t\t<p>ICU GmbH bietet oder vermittelt diskrete, gezielte pers\u00f6nliche Auszeit-, <a href=\"https:\/\/www.icu4u.ch\/?page_id=1101\">Reise- und Genesungsbegleitung<\/a> mit oder ohne tiefer gehenden Gespr\u00e4chen, Coachings und Standortbestimmungen f\u00fcr Einzelpersonen \/ Paare die nicht mehr alleine Reisen k\u00f6nnen oder Wollen. Dies einerseits zur Erholung oder vorbeugend in Stressphasen, im Vorfeld eines Change Prozesses oder erg\u00e4nzend zu Therapien. Das erste Abkl\u00e4rungsgespr\u00e4ch ist kostenlos. Gerne nehmen wir Ihre <u style=\"font-size: 1rem; white-space: pre-wrap;\"><a style=\"color: #1900a8; outline: 0px; box-shadow: rgba(0, 0, 0, 0) 0px 0px 0px inset, #000000 0px 3px 0px;\" href=\"https:\/\/www.icu4u.ch\/?page_id=48\">Anfrage<\/a><\/u>\u00a0 entgegen.<\/p>\n\t\t\t\t\t\t\t\t\t\t\t\t<a href=\"\">Marktplatz, Biete &#038; Suche<\/a>\n\t\t\t\t\t<p>Ich suchen Dozenten- oder Kursleitert\u00e4tigkeit mit Schwerpunkt Skills, Innovation, Elektrotechnik, ICT\/IT, Digitalisierung, Projekt-Management, Betriebswirtschaft, Rechnungswesen, Kostenstellen, Kalkulation, Compliance und Governance.\u00a0<br \/>Interimst\u00e4tigkeiten mit Schwerpunkt Kundenbetreuung, Innovation, F\u00fchrung, ICT\/IT, Projekt-Management, Outsourcing, Produkteinf\u00fchrung und Change-Management sind auch m\u00f6glich. Gerne nehmen wir Ihre<u>\u00a0<a style=\"font-size: 1rem; background-color: #ffffff;\" href=\"https:\/\/www.icu4u.ch\/?page_id=48\">Anfrage<\/a><\/u>\u00a0entgegen.<\/p>\n<p>Der Marktplatz finden Sie\u00a0<u style=\"font-size: 1rem; background-color: #ffffff;\"><a style=\"font-size: 1rem; background-color: #ffffff;\" href=\"https:\/\/www.icu4u.ch\/?page_id=1756\">hier.<\/a><\/u><\/p>\n\t\t<p>Erfahren Sie mehr und viel Spass beim Surfen.<br \/>[gdgallery_gallery id_gallery=&#8220;5&#8243;]<\/p>","protected":false},"excerpt":{"rendered":"<p>Herzlich Willkommen bei ICU GmbH. Unser Ziele sind individuelle ganzheitliche Dienstleistungen und Kundenorientierung im Einklang mit nachhaltigen, moralischen und ethischen Werten.\u00a0ICU GmbH bietet nachfolgende Dienstleistungen an: \u00a0 Ausbildung, Coaching &#038; Learning Im Zeitalter von Industrie 4.0 und Digitalisierung ist lebenslanges Lernen das Gebot der Stunde. Wissen weiter zu geben und zu Teilen wird Pflicht.\u00a0Die Untugend &hellip; <\/p>\n<p class=\"link-more\"><a href=\"https:\/\/www.icu4u.ch\/\" class=\"more-link\"><span class=\"screen-reader-text\">\u201eWillkommen\u201c <\/span>weiterlesen<\/a><\/p>\n","protected":false},"author":1,"featured_media":0,"parent":0,"menu_order":0,"comment_status":"closed","ping_status":"closed","template":"","meta":{"footnotes":""},"class_list":["post-2","page","type-page","status-publish","hentry"],"_links":{"self":[{"href":"https:\/\/www.icu4u.ch\/index.php?rest_route=\/wp\/v2\/pages\/2","targetHints":{"allow":["GET"]}}],"collection":[{"href":"https:\/\/www.icu4u.ch\/index.php?rest_route=\/wp\/v2\/pages"}],"about":[{"href":"https:\/\/www.icu4u.ch\/index.php?rest_route=\/wp\/v2\/types\/page"}],"author":[{"embeddable":true,"href":"https:\/\/www.icu4u.ch\/index.php?rest_route=\/wp\/v2\/users\/1"}],"replies":[{"embeddable":true,"href":"https:\/\/www.icu4u.ch\/index.php?rest_route=%2Fwp%2Fv2%2Fcomments&post=2"}],"version-history":[{"count":106,"href":"https:\/\/www.icu4u.ch\/index.php?rest_route=\/wp\/v2\/pages\/2\/revisions"}],"predecessor-version":[{"id":2221,"href":"https:\/\/www.icu4u.ch\/index.php?rest_route=\/wp\/v2\/pages\/2\/revisions\/2221"}],"wp:attachment":[{"href":"https:\/\/www.icu4u.ch\/index.php?rest_route=%2Fwp%2Fv2%2Fmedia&parent=2"}],"curies":[{"name":"wp","href":"https:\/\/api.w.org\/{rel}","templated":true}]}}