{"id":1814,"date":"2019-04-14T16:47:41","date_gmt":"2019-04-14T16:47:41","guid":{"rendered":"https:\/\/www.icu4u.ch\/?page_id=1814"},"modified":"2019-05-24T22:03:42","modified_gmt":"2019-05-24T22:03:42","slug":"consultingprogramm","status":"publish","type":"page","link":"https:\/\/www.icu4u.ch\/?page_id=1814","title":{"rendered":"Consultingprogramm"},"content":{"rendered":"<p><\/p>\n\n\n\n\n<\/p>\n<h2 class=\"wp-block-heading\">Consulting Leistungen 2019<\/h2>\n<p>\n\n\n\n<\/p>\n<p>\n\n\n<p><\/p>\n<h3>Individual Consulting<\/h3>\n<p>\t\t\t\t\t\t\t\t\t\t\t\t<a href=\"\">Laufbahn Beratung<\/a><\/p>\n<p>Sie stehen vor der Berufswahl oder stecken irgendwie fest und wollen sich neu orientieren und sind unschl\u00fcssig? Ich begleite Sie in diesem individuellem Prozess.&nbsp;<\/p>\n<p>\u2192 Dokumentation und Anfragen<\/p>\n<p>\t\t\t\t\t\t\t\t\t\t\t\t<a href=\"\">Finanzplanung &amp; Nachfolge<\/a><\/p>\n<p>Wissen sie \u00fcber den effektiven finanziellen Stand in Ihrem Unternehmen Bescheid?&nbsp; Welche Folge hat Ihre&nbsp; Unternehmensform auf die Finanzen und Nachfolge? Wie sind Ihre Angeh\u00f6rige abgesichert?&nbsp; Haben Sie einen Finanzplan f\u00fcr Ihr Unternehmen? Wozu dient der Finanzplan? Verstehen Sie die Zahlen Ihres Treuh\u00e4nders und den Jahresabschluss? Welche Finanziellen Folgen haben die Nachkommen oder eine Gesch\u00e4fts\u00fcbergabe?&nbsp;&nbsp;<br>Wie sieht es bez\u00fcglich Verm\u00f6gensaufteilung, Steuern etc. aus.&nbsp;&nbsp;Lassen Sie uns dar\u00fcber reden.<\/p>\n<p>\u2192 Dokumentation und Anfragen<\/p>\n<p>\t\t\t\t\t\t\t\t\t\t\t\t<a href=\"\">Supervision <\/a><\/p>\n<p>ICU GmbH bietet mit Supervision die M\u00f6glichkeit einer moderierte Plattform f\u00fcr Fallbesprechungen und Konfliktmanagement , innerhalb oder ausserhalb Ihres Unternehmens. Wir unterst\u00fctzen beim Aufbau und Einf\u00fchrung entsprechender L\u00f6sungen.&nbsp; &nbsp;<\/p>\n<p>\u2192 Dokumentation und Anfragen<\/p>\n<p>\t\t\t\t\t\t\t\t\t\t\t\t<a href=\"\">Intervision<\/a><\/p>\n<p>ICU GmbH bietet mit Intervison die M\u00f6glichkeit einer moderierte Plattform f\u00fcr kollegialer Beratung, innerhalb und ausserhalb Ihres Unternehmens. Wir unterst\u00fctzen beim internen Aufbau und Einf\u00fchrung entsprechender L\u00f6sungen.&nbsp; &nbsp;<\/p>\n<p>\u2192 Dokumentation und Anfragen<\/p>\n<p><\/p>\n<p>\t\t\t\t\t\t\t\t\t\t\t\t<a href=\"\">Generationen Management gegen den Fachkr\u00e4fte Mangel<\/a><\/p>\n<p>Fachkr\u00e4ftemangel Mythos oder Realit\u00e4t? Die Ursache und der soziale Sprengstoff durch fehlende Diversifizierung,&nbsp; fehlende Ausbildungspflicht,&nbsp; Hire and Fire und Leistungstr\u00e4gerwahn. Lassen Sie uns \u00fcber den Aufbau eines Generationen Management in ihrem Unternehmen reden.<\/p>\n<p>\u2192 Dokumentation und Anfragen<\/p>\n<p>\t\t\t\t\t\t\t\t\t\t\t\t<a href=\"\">Digitalisierung  und \u00fc45 Challenge<\/a><\/p>\n<p>Neue Technologien werden gerne als Vorwand genutzt um Personalabbau voranzutreiben und Stereotypen aufleben zu lassen.&nbsp;Lassen Sie uns \u00fcber die kurz-, mittel- und langfristigen Folgen f\u00fcr Ihr Unternehmen reflektieren sowie tragf\u00e4hige L\u00f6sungen und Bildungsmassnahmen entwickeln.&nbsp; &nbsp;<\/p>\n<p>\u2192 Dokumentation und Anfragen<\/p>\n<p>\t\t\t\t\t\t\t\t\t\t\t\t<a href=\"\">BGM und Genesungsbegleitung<\/a><\/p>\n<p>Halbherziges betriebliches Gesundheitsmanagement (BGM) beschr\u00e4nkt sich auf die F\u00f6rderung von Bewegung, Teambildende Sportangebote, Fr\u00fcchteschalen und dergleichen und den wichtigen und kostenintensivsten Schritte dem&nbsp; Case Management und Begleitung von physisch und psychisch angeschlagenen Mitarbeitern w\u00e4hrend der akuten Krankheitsphase. Damit ist es nicht getan.&nbsp;Bei h\u00e4ufig erkrankenden Mitarbeiter liegt die Ursache oft nicht in der Person, deren F\u00e4higkeiten und Ressourcen oder gar deren Resilienz sondern schlicht in der Team Konstellation oder dem Linien Vorgesetzten.&nbsp;<br>Mitarbeiter brauchen eine, der Schweigepflicht unterstellten, Ansprechstelle die weder stigmatisierend ist, d.h. kein Sozialdienst oder dergleichen, welche entsprechend Massnahmen einleiten und anweisen kann. Auch ist eine Begleitung&nbsp; w\u00e4hrend der Genesungs- und Reintegrationsphase sowie eine aktive Umschulung und die Reintegration in den Arbeitsprozess zwingend, damit betroffene nicht alleine gelassen werden. Umplatzierung, Umschulungen,&nbsp; Caoching, gegebenenfalls Beistand, Finanzhilfe, Reintegration,&nbsp;Besch\u00e4ftigungsgarantie&nbsp; sowie&nbsp;die Beurteilung der Vorgesetzten stehen als Massnahmen zur Verf\u00fcgung. Lassen Sie uns dar\u00fcber reden.&nbsp;<\/p>\n<p>\u2192 Dokumentation und Anfragen<\/p>","protected":false},"excerpt":{"rendered":"<p>Consulting Leistungen 2019 Individual Consulting Laufbahn Beratung Sie stehen vor der Berufswahl oder stecken irgendwie fest und wollen sich neu orientieren und sind unschl\u00fcssig? Ich begleite Sie in diesem individuellem Prozess.&nbsp; \u2192 Dokumentation und Anfragen Finanzplanung &amp; Nachfolge Wissen sie \u00fcber den effektiven finanziellen Stand in Ihrem Unternehmen Bescheid?&nbsp; Welche Folge hat Ihre&nbsp; Unternehmensform auf &hellip; <\/p>\n<p class=\"link-more\"><a href=\"https:\/\/www.icu4u.ch\/?page_id=1814\" class=\"more-link\"><span class=\"screen-reader-text\">\u201eConsultingprogramm\u201c <\/span>weiterlesen<\/a><\/p>\n","protected":false},"author":1,"featured_media":0,"parent":0,"menu_order":0,"comment_status":"closed","ping_status":"closed","template":"","meta":{"footnotes":""},"class_list":["post-1814","page","type-page","status-publish","hentry"],"_links":{"self":[{"href":"https:\/\/www.icu4u.ch\/index.php?rest_route=\/wp\/v2\/pages\/1814","targetHints":{"allow":["GET"]}}],"collection":[{"href":"https:\/\/www.icu4u.ch\/index.php?rest_route=\/wp\/v2\/pages"}],"about":[{"href":"https:\/\/www.icu4u.ch\/index.php?rest_route=\/wp\/v2\/types\/page"}],"author":[{"embeddable":true,"href":"https:\/\/www.icu4u.ch\/index.php?rest_route=\/wp\/v2\/users\/1"}],"replies":[{"embeddable":true,"href":"https:\/\/www.icu4u.ch\/index.php?rest_route=%2Fwp%2Fv2%2Fcomments&post=1814"}],"version-history":[{"count":3,"href":"https:\/\/www.icu4u.ch\/index.php?rest_route=\/wp\/v2\/pages\/1814\/revisions"}],"predecessor-version":[{"id":1887,"href":"https:\/\/www.icu4u.ch\/index.php?rest_route=\/wp\/v2\/pages\/1814\/revisions\/1887"}],"wp:attachment":[{"href":"https:\/\/www.icu4u.ch\/index.php?rest_route=%2Fwp%2Fv2%2Fmedia&parent=1814"}],"curies":[{"name":"wp","href":"https:\/\/api.w.org\/{rel}","templated":true}]}}