{"id":1650,"date":"2019-04-10T08:15:23","date_gmt":"2019-04-10T08:15:23","guid":{"rendered":"https:\/\/www.icu4u.ch\/?page_id=1650"},"modified":"2019-05-22T21:14:21","modified_gmt":"2019-05-22T21:14:21","slug":"kursprogramm","status":"publish","type":"page","link":"https:\/\/www.icu4u.ch\/?page_id=1650","title":{"rendered":"Kursprogramm"},"content":{"rendered":"<p><\/p>\n\n\n\n\n<\/p>\n<h2 class=\"wp-block-heading\">Kurs &amp; Eventprogramm 2019<\/h2>\n<p>\n\n\n\n<\/p>\n<p>\n\n\n<p><\/p>\n<h3>Individual Coaching &amp; Learning<\/h3>\n<h4>Individual \/ Einzelkurse<\/h4>\n<p>\t\t\t\t\t\t\t\t\t\t\t\t<a href=\"\">Flying ICU  -PC Einstieg f\u00fcr Neu-, Wiedereinsteiger &amp; Senioren<\/a><\/p>\n<p>In diesem Kurs werden Grundlagen \u00fcber die PC\u2019s , die PC in der Hosentasche (Smartphone), Tablett, Betriebssysteme von Windows, Office, Email und Internet vermittelt.&nbsp;<br>Der Kurs ist offen gestaltet, so dass gen\u00fcgend Zeit f\u00fcr die Behandlung individuelle Fragen und Themen besteht.&nbsp; <br>Der Kurs wird als \u201eFlying ICU\u201c individuell bei Ihnen zu Hause&nbsp; 1:1 oder in Gruppen in geeigneten R\u00e4ume (mind. 8 max 16) Teilnehmer angeboten.&nbsp;<br>\u2192 <a href=\"https:\/\/www.icu4u.ch\/?page_id=2192\">Kursdokumentation<\/a>,&nbsp; <a href=\"https:\/\/www.icu4u.ch\/?page_id=48\">Anmeldung<\/a><\/p>\n<p>\t\t\t\t\t\t\t\t\t\t\t\t<a href=\"\">Cammino della Lessinia<\/a><\/p>\n<p>Der Cammino della Lessinia ist ein Wochenkurs in den kleinen Dolomiten. In einem kleinen Team, g\u00f6nnen wir uns eine Auszeit welche von einem Coach begleitet und moderiert wird. Fernab von Internet, Telefon und moderne Medien gehen wir in die Natur und erkunden die Berge, Lernen Geschichten und Br\u00e4uche kennen.&nbsp;<\/p>\n<p>Der Kurs wird im Rahmen einer Reise- und Genesungsbegleitung angeboten und richtet sich an Personen in einer Neuorientierung oder schwierigen Lebenslage. Voraussetzung ist Offenheit, Gespr\u00e4chsbereitschaft und k\u00f6rperlich normale Konstitution.&nbsp; Die Zulassung erfolgt nach einem Abkl\u00e4rungsgespr\u00e4ch.<br>\u2192 Kursdokumentation, Termine und Anmeldung<\/p>\n<p><\/p>\n<p>\t\t\t\t\t\t\t\t\t\t\t\t<a href=\"\">Ohne Macht machtvoll <\/a><\/p>\n<p>F\u00fchlen Sie sich \u00f6fters ohne Macht und dadurch ohnm\u00e4chtig? Haben Sie schon selber einmal Macht angewendet? Welche Arten von Macht gibt es? Welche Beziehung besteht zwischen Macht und Gewalt? Welche Formen der Gewalt gibt es? Kennen Sie die Defintion von Korruption? Weshalb wird Korruption als \u201eder Missbrauch einer anvertrauten Machtposition zu pers\u00f6nlichen Zwecken\u201c definiert? Wie grassierend ist Korruption \/ Machtmissbrauch und welch Auswirkung hat dies auf den Einzelnen und die Gesellschaft? Was kann ich als einzelner Angestellter, Unternehmer tun?&nbsp;<\/p>\n<p>In diesem Kurs gehen wir diesen Themen nach und zeigen M\u00f6glichkeiten ohne Machtgebrauch machtvoll zu sein und zu agieren, Machtmissbrauch zu erkennen und adequat darauf zu reagieren.&nbsp;<\/p>\n<p>\u2192 Kursdokumentation, Termine und Anmeldung<\/p>\n<p>\t\t\t\t\t\t\t\t\t\t\t\t<a href=\"\">Die Kunst des Nein Sagen<\/a><\/p>\n<p>Eigentlich wollten Sie Nein sagen und haben es dennoch nicht getan und Sitzen um Mitternacht noch fluchend an der zus\u00e4tzlichen Arbeit? \u201eMan\u201c sollte noch \u2026und sie sind dann \u201eman\u201c? Ich kann ja da jetzt ja nicht nein sagen, was denken wohl die andern? Ich bin doch immer weder viel zu gutm\u00fctig und lasse mich \u00fcberreden. Sind Ihnen diese Gedanken bekannt? Wir zeigen Ihnen wie Sie da raus kommen und \u00fcben Nein zu sagen bevor sie es in der Klinik m\u00fcssen. \u2192 Kursdokumentation, Termine und Anmeldung<\/p>\n<p>\t\t\t\t\t\t\t\t\t\t\t\t<a href=\"\">Budget &amp; Finanzplanung<\/a><\/p>\n<p>Haben Sie finanzielle Ziele die Sie erreichen m\u00f6chten,&nbsp; wissen aber nicht wie? Der Zinses Zins Effekt, Wissen Sie \u00fcber Ihre Absicherung und k\u00fcnftige Eink\u00fcnfte Bescheid? Was l\u00e4sst sich wie absichern?&nbsp; Was sind CapEx und OpEX? Wann lohnt sich Leasing?&nbsp; Vorsicht Abofallen,&nbsp; Worauf bei Vertr\u00e4gen achten?&nbsp; Bank- oder Versicherungssparen?&nbsp;<\/p>\n<p>Auf all diese Themen gehen wir im Rahmen des Kurses ein.&nbsp; Sie werden in der Lage sein Budgets zu erstellen und Ihre Finanzen mit Spass zu planen.&nbsp; &nbsp;<\/p>\n<h4>Standard \/ Gruppenkurse<\/h4>\n<p>\t\t\t\t\t\t\t\t\t\t\t\t<a href=\"\">PC Einstieg f\u00fcr Neu-, Wiedereinsteiger &amp; Senioren<\/a><\/p>\n<p>In diesem Kurs werden Grundlagen \u00fcber die PC\u2019s , die PC in der Hosentasche (Smartphone), Tablett, Betriebssysteme von Windows, Office, Email und Internet vermittelt.&nbsp;<br>Der Kurs ist offen gestaltet, so dass gen\u00fcgend Zeit f\u00fcr die Behandlung individuelle Fragen und Themen besteht.&nbsp; <br>Der Kurs wird in Gruppen in geeigneten R\u00e4ume (mind. 6 max 16) Teilnehmer angeboten.&nbsp;<br>\u2192 <a href=\"https:\/\/www.icu4u.ch\/?page_id=1024\">Kursdokumentation<\/a>, Termine und Anmeldung<\/p>\n<p>\t\t\t\t\t\t\t\t\t\t\t\t<a href=\"\">IPMA D Zertifizierung <\/a><\/p>\n<p>Projekt-Management ist heute in allen Munde. In Unternehmen werden Projekte gestartet, Gelder f\u00fcr Projekte gesprochen und Projekt-Manager eingesetzt.&nbsp;<\/p>\n<p>In diesem Gruppenkurs werden Sie umfassend \u00fcber Projektmanagement informiert und auf die Zertifizierung zum zertifizierten IPMA D Projekt Manager vorbereitet.&nbsp; Interaktiv werden wir die Kapiteln des Projekt-Managements und allenfalls notwendigen Vertiefungen erarbeiten. Pr\u00fcfungsvorbereitungen und Pr\u00fcfungen in Heimarbeit sind Bestandteil des Kurses.&nbsp;&nbsp;<\/p>\n<p>Der erste Teil des Kurse richtet sich an Personen die sich \u00fcber Projektmanagement informieren wollen.&nbsp; Darauf aufbauend dann an Personen, welche Projekt-Management Aufgaben \u00fcbernehmen wollen oder bereits haben und sich zertifizieren wollen.<br>\u2192 Kursdokumentation, Termine und Anmeldung<\/p>\n<p>\t\t\t\t\t\t\t\t\t\t\t\t<a href=\"\">Pimp your Business\u2122<\/a><\/p>\n<p>\u201ePimp your Business\u2122\u201c ist ein spielerischer Workshop mit maximal 6 Teilnehmer \/ Team pro Spielbrett. Spielerisch und interaktiv erfahren wir das Gesch\u00e4ftsleben und tauschen Erfahrungen aus. Der Workshop richtet sich an Personen welche die Zusammenh\u00e4nge in einem Unternehmen besser verstehen oder erlernen wollen.Zielgruppe sind Selbstst\u00e4ndige Einzelunternehmen, Kleinunternehmen,&nbsp; Firmenbereiche, Startup, F\u00fchrungs- sowie Kadermitarbeiter.<\/p>\n<p>Begleitet von einem&nbsp;\u201ePimp your Business\u2122\u201c Trainer \/Moderator werden die Themen eines Unternehmens spielerisch durchlaufen und die Antworten von den Mitspieler wertsch\u00e4tzend beurteilt. Dementsprechend und abh\u00e4ngig von Ereignissen gestaltet sich der Erfolg\/Misserfolg eines jeden Mitspielers oder Team.&nbsp;<\/p>\n<p>Das Spiel eignet sich f\u00fcr&nbsp;<\/p>\n<ul>\n<li>Training von realen Situationen&nbsp;<\/li>\n<li>Erfahrungsaustausch in Unternehmerrunden (ERFA-Gruppen, Gewerbeverb\u00e4nde etc.)&nbsp;<\/li>\n<li>Wissensauffrischung und&nbsp; Vertiefung durch weitere aufbauende und spezifische Kursmodule<\/li>\n<li>Eigenverantwortliches Erkennen und Identifizieren von Verbesserungspotenziale<\/li>\n<li>Grundlage f\u00fcr eine Unternehemsanalyse&nbsp;<\/li>\n<li>Einstieg und Sensibilisierung bei bereichs\u00fcbergreifende Teambildungsprozesse&nbsp;&nbsp;<\/li>\n<\/ul>\n<p><\/p>\n\n\n<p><\/p>\n\n\n\n<p><\/p>\n\n\n<p><\/p>\n<p>\u2192 <a href=\"https:\/\/www.icu4u.ch\/?page_id=1024\">Kursinformation,<\/a> Erfahrungsberichte, Termine und Anmeldung<\/p>\n<p>\t\t\t\t\t\t\t\t\t\t\t\t<a href=\"\">Ohne Macht machtvoll <\/a><\/p>\n<p>F\u00fchlen Sie sich \u00f6fters ohne Macht und dadurch ohnm\u00e4chtig? Haben Sie schon selber einmal Macht angewendet? Welche Arten von Macht gibt es? Welche Beziehung besteht zwischen Macht und Gewalt? Welche Formen der Gewalt gibt es? Kennen Sie die Defintion von Korruption? Weshalb wird Korruption als \u201eder Missbrauch einer anvertrauten Machtposition zu pers\u00f6nlichen Zwecken\u201c definiert? Wie grassierend ist Korruption \/ Machtmissbrauch und welch Auswirkung hat dies auf den Einzelnen und die Gesellschaft? Was kann ich als einzelner Angestellter, Unternehmer tun?&nbsp;<\/p>\n<p>In diesem Kurs gehen wir diesen Themen nach und zeigen M\u00f6glichkeiten ohne Machtgebrauch machtvoll zu sein und zu agieren, Machtmissbrauch zu erkennen und adequat darauf zu reagieren.&nbsp;<\/p>\n<p>\u2192 Kursdokumentation, Termine und Anmeldung<\/p>\n<p>\t\t\t\t\t\t\t\t\t\t\t\t<a href=\"\">Die Kunst des Nein Sagen<\/a><\/p>\n<p>Eigentlich wollten Sie Nein sagen und haben es dennoch nicht getan und Sitzen um Mitternacht noch fluchend an der zus\u00e4tzlichen Arbeit? \u201eMan\u201c sollte noch \u2026und sie sind dann \u201eman\u201c? Ich kann ja da jetzt ja nicht nein sagen, was denken wohl die andern? Ich bin doch immer weder viel zu gutm\u00fctig und lasse mich \u00fcberreden. Sind Ihnen diese Gedanken bekannt? Wir zeigen Ihnen wie Sie da raus kommen und \u00fcben Nein zu sagen bevor sie es in der Klinik m\u00fcssen. \u2192 Kursdokumentation, Termine und Anmeldung<\/p>\n<p>\t\t\t\t\t\t\t\t\t\t\t\t<a href=\"\">Sozialversicherungen <\/a><\/p>\n<p>In diesem Kurs vermittle ich die Grundlagen zu den Schweizer Sozialversicherungen und zeige Ihnen auf, wieso ich die Aussage mache \u201eDie Schweiz ist das Land des Emmentaler, ein K\u00e4se voller L\u00f6cher mit warmer Luft\u201c.&nbsp;<\/p>\n<p>Nach dem Kurs sind sie in der Lage die Zusammenh\u00e4nge zwischen AHV., IV, ALV, KTG, BVG, VVG, NBU, BU, EL und Sozialhilfe zu verstehen,sowie die Ihnen zustehende Leistungsanspr\u00fcche abzusch\u00e4tzen und die L\u00fccken, Risiken, Diskriminierungen, Ausgrenzungen und Ausschl\u00fcsse im System zu erkennen.&nbsp; &nbsp;<\/p>\n<p>\u2192 Kursdokumentation, Termine und Anmeldung<\/p>\n<p>\t\t\t\t\t\t\t\t\t\t\t\t<a href=\"\">Budget &amp; Finanzplanung<\/a><\/p>\n<p>Haben Sie finanzielle Ziele die Sie erreichen m\u00f6chten,&nbsp; wissen aber nicht wie? Der Zinses Zins Effekt, Wissen Sie \u00fcber Ihre Absicherung und k\u00fcnftige Eink\u00fcnfte Bescheid? Was l\u00e4sst sich wie absichern?&nbsp; Was sind CapEx und OpEX? Wann lohnt sich Leasing?&nbsp; Vorsicht Abofallen,&nbsp; Worauf bei Vertr\u00e4gen achten?&nbsp; Bank- oder Versicherungssparen?&nbsp;<\/p>\n<p>Auf all diese Themen gehen wir im Rahmen des Kurses ein.&nbsp; Sie werden in der Lage sein Budgets zu erstellen und Ihre Finanzen mit Spass zu planen.&nbsp; &nbsp;<\/p>\n<p>\t\t\t\t\t\t\t\t\t\t\t\t<a href=\"\">Supervison &amp; Intervision<\/a><\/p>\n<p>Was ist Supervison? Braucht es diese \u201ePsychozeugs\u201c in einen Unternehmen?&nbsp;&nbsp;<br>In diesem Kurs lernen Sie die Werkzeuge und der Nutzen der Supervison und Intervision&nbsp; in Ihrem Unternehmen kennen.&nbsp;&nbsp;<br>Der Kurs ist offen gestaltet, so dass gen\u00fcgend Zeit f\u00fcr individuellen Fragen und je ein individuelles Themen besteht.&nbsp;&nbsp;<br>Der Kurs wird als \u201eFlying ICU\u201c individual d.h. 1:1 bei Ihnen zu Hause&nbsp; oder in Gruppen in geeigneten R\u00e4ume (mind. 4 max 8) Teilnehmer angeboten.&nbsp;<br>Kursdokumentation , Termine und Anmeldungen<\/p>","protected":false},"excerpt":{"rendered":"<p>Kurs &amp; Eventprogramm 2019 Individual Coaching &amp; Learning Individual \/ Einzelkurse Flying ICU -PC Einstieg f\u00fcr Neu-, Wiedereinsteiger &amp; Senioren In diesem Kurs werden Grundlagen \u00fcber die PC\u2019s , die PC in der Hosentasche (Smartphone), Tablett, Betriebssysteme von Windows, Office, Email und Internet vermittelt.&nbsp;Der Kurs ist offen gestaltet, so dass gen\u00fcgend Zeit f\u00fcr die Behandlung &hellip; <\/p>\n<p class=\"link-more\"><a href=\"https:\/\/www.icu4u.ch\/?page_id=1650\" class=\"more-link\"><span class=\"screen-reader-text\">\u201eKursprogramm\u201c <\/span>weiterlesen<\/a><\/p>\n","protected":false},"author":1,"featured_media":0,"parent":0,"menu_order":0,"comment_status":"closed","ping_status":"closed","template":"","meta":{"footnotes":""},"class_list":["post-1650","page","type-page","status-publish","hentry"],"_links":{"self":[{"href":"https:\/\/www.icu4u.ch\/index.php?rest_route=\/wp\/v2\/pages\/1650","targetHints":{"allow":["GET"]}}],"collection":[{"href":"https:\/\/www.icu4u.ch\/index.php?rest_route=\/wp\/v2\/pages"}],"about":[{"href":"https:\/\/www.icu4u.ch\/index.php?rest_route=\/wp\/v2\/types\/page"}],"author":[{"embeddable":true,"href":"https:\/\/www.icu4u.ch\/index.php?rest_route=\/wp\/v2\/users\/1"}],"replies":[{"embeddable":true,"href":"https:\/\/www.icu4u.ch\/index.php?rest_route=%2Fwp%2Fv2%2Fcomments&post=1650"}],"version-history":[{"count":44,"href":"https:\/\/www.icu4u.ch\/index.php?rest_route=\/wp\/v2\/pages\/1650\/revisions"}],"predecessor-version":[{"id":2264,"href":"https:\/\/www.icu4u.ch\/index.php?rest_route=\/wp\/v2\/pages\/1650\/revisions\/2264"}],"wp:attachment":[{"href":"https:\/\/www.icu4u.ch\/index.php?rest_route=%2Fwp%2Fv2%2Fmedia&parent=1650"}],"curies":[{"name":"wp","href":"https:\/\/api.w.org\/{rel}","templated":true}]}}