{"id":14,"date":"2019-03-11T19:12:51","date_gmt":"2019-03-11T19:12:51","guid":{"rendered":"https:\/\/www.icu4u.ch\/?page_id=14"},"modified":"2019-04-29T14:50:51","modified_gmt":"2019-04-29T14:50:51","slug":"individual-consulting","status":"publish","type":"page","link":"https:\/\/www.icu4u.ch\/?page_id=14","title":{"rendered":"Individual Consulting"},"content":{"rendered":"\n<p> Mit individual Consulting bieten wir auf die Bed\u00fcrfnisse von Private und Unternehmen angepasste Beratungen. Diese reicht von der pers\u00f6nliche Lebens-,  Bildungs- bis hin zur Technologie-, Nachfolge- und Unternehmensberatung. Fordern Sie uns und lassen Sie uns Ihre Zielsetzungen besprechen . In Zusammenarbeit mit meinen Kooperationspartner erarbeiten wir gerne Konzept und Angebot.&nbsp; <br><\/p>\n\n\n\n<p>Was sind Ihre Bed\u00fcrfnisse? Decken sie sich mit dem <a href=\"https:\/\/www.icu4u.ch\/?page_id=540\">Themenspiegel<\/a>? Dann <a href=\"https:\/\/www.icu4u.ch\/?page_id=48\">kontaktieren\u00a0<\/a>Sie uns.\u00a0<br><\/p>\n\n\n\n<p> Eine Angebots\u00fcbersicht finden Sie <a href=\"https:\/\/www.icu4u.ch\/?page_id=1814\">hier<\/a>.&nbsp; Referenzberichte finden Sie <a href=\"https:\/\/www.icu4u.ch\/?page_id=1650\">hier<\/a>. Interessiert an&nbsp;<a href=\"https:\/\/www.icu4u.ch\/?page_id=858\">Newsletter?&nbsp;<\/a>Dann klicken Sie und melden sich an. <\/p>\n\n\n\n<p>Eine Interimst\u00e4tigkeit ist m\u00f6glich. Schwerpunkte sind Innovation, F\u00fchrung, ICT\/IT, Projekt-Management, Outsourcing, Produkteinf\u00fchrung und Change-Management.  Gerne nehmen wir Ihre <a href=\"https:\/\/www.icu4u.ch\/?page_id=48\">Anfrage<\/a>&nbsp;entgegen.<\/p>\n\n\n\n<hr class=\"wp-block-separator\"\/>\n","protected":false},"excerpt":{"rendered":"<p>Mit individual Consulting bieten wir auf die Bed\u00fcrfnisse von Private und Unternehmen angepasste Beratungen. Diese reicht von der pers\u00f6nliche Lebens-, Bildungs- bis hin zur Technologie-, Nachfolge- und Unternehmensberatung. Fordern Sie uns und lassen Sie uns Ihre Zielsetzungen besprechen . In Zusammenarbeit mit meinen Kooperationspartner erarbeiten wir gerne Konzept und Angebot.&nbsp; Was sind Ihre Bed\u00fcrfnisse? Decken &hellip; <\/p>\n<p class=\"link-more\"><a href=\"https:\/\/www.icu4u.ch\/?page_id=14\" class=\"more-link\"><span class=\"screen-reader-text\">\u201eIndividual Consulting\u201c <\/span>weiterlesen<\/a><\/p>\n","protected":false},"author":1,"featured_media":0,"parent":0,"menu_order":0,"comment_status":"closed","ping_status":"closed","template":"","meta":{"footnotes":""},"class_list":["post-14","page","type-page","status-publish","hentry"],"_links":{"self":[{"href":"https:\/\/www.icu4u.ch\/index.php?rest_route=\/wp\/v2\/pages\/14","targetHints":{"allow":["GET"]}}],"collection":[{"href":"https:\/\/www.icu4u.ch\/index.php?rest_route=\/wp\/v2\/pages"}],"about":[{"href":"https:\/\/www.icu4u.ch\/index.php?rest_route=\/wp\/v2\/types\/page"}],"author":[{"embeddable":true,"href":"https:\/\/www.icu4u.ch\/index.php?rest_route=\/wp\/v2\/users\/1"}],"replies":[{"embeddable":true,"href":"https:\/\/www.icu4u.ch\/index.php?rest_route=%2Fwp%2Fv2%2Fcomments&post=14"}],"version-history":[{"count":17,"href":"https:\/\/www.icu4u.ch\/index.php?rest_route=\/wp\/v2\/pages\/14\/revisions"}],"predecessor-version":[{"id":1918,"href":"https:\/\/www.icu4u.ch\/index.php?rest_route=\/wp\/v2\/pages\/14\/revisions\/1918"}],"wp:attachment":[{"href":"https:\/\/www.icu4u.ch\/index.php?rest_route=%2Fwp%2Fv2%2Fmedia&parent=14"}],"curies":[{"name":"wp","href":"https:\/\/api.w.org\/{rel}","templated":true}]}}