{"id":111,"date":"2019-03-11T20:27:18","date_gmt":"2019-03-11T20:27:18","guid":{"rendered":"https:\/\/www.icu4u.ch\/?page_id=111"},"modified":"2019-05-15T09:20:29","modified_gmt":"2019-05-15T09:20:29","slug":"ueber-uns","status":"publish","type":"page","link":"https:\/\/www.icu4u.ch\/?page_id=111","title":{"rendered":"ICU GmbH"},"content":{"rendered":"\n<p>1990 wurde ICU nebenberuflich als &#8222;Investment Club Urbanetti &#8222;mit dem Ziel privater Anlage- und Verm\u00f6gensverwaltung gegr\u00fcndet. <\/p>\n\n\n\n<p>2011 wurde ICU  im Rahmen eines Change Prozess als Einzel-Unternehmen reaktiviert. <\/p>\n\n\n\n<p>2014 startet ICU operative T\u00e4tigkeiten als ICT \/ IT, VoIP sowie UCC Berater,  Sales, Coach, Consultant,  Interim-Manager  und Associated Partner  mit dem Aufbau eines Startups.<\/p>\n\n\n\n<p>2019 folgt die Gr\u00fcndung der ICU Gmbh.  <br><br>Hier finden sie das ICU <a href=\"https:\/\/www.icu4u.ch\/?page_id=135\">Team<\/a>, unsere <a href=\"https:\/\/www.icu4u.ch\/?page_id=466\">Filosofie<\/a> und das <a href=\"https:\/\/www.icu4u.ch\/?page_id=205\">Leitbild<\/a>.<\/p>\n\n\n\n<p><a href=\"https:\/\/www.icu4u.ch\/wp-content\/uploads\/2019\/03\/AGB-ICU-V1.pdf\">AGB Coaching &amp;Learning<\/a>, <a href=\"https:\/\/www.icu4u.ch\/?page_id=205\">AGB Consulting<\/a>,  <a href=\"https:\/\/www.icu4u.ch\/?page_id=205\">AGB Malen<\/a>,  <a href=\"https:\/\/www.icu4u.ch\/?page_id=735\">Datenschutz DSGVO<\/a>, <a href=\"https:\/\/www.icu4u.ch\/?page_id=3\">Disclaimer und Copyright<\/a>. (Muss halt sein) <\/p>\n\n\n\n<p>Spenden- und Zahlungskonto: Raiffeisenbank IBAN CH15 8080 8004 3423 6507 8<br><br>Firmen Nr.\/ UID  CHE-xxx xxxx xxxx <\/p>\n\n\n\n<hr class=\"wp-block-separator\"\/>\n","protected":false},"excerpt":{"rendered":"<p>1990 wurde ICU nebenberuflich als &#8222;Investment Club Urbanetti &#8222;mit dem Ziel privater Anlage- und Verm\u00f6gensverwaltung gegr\u00fcndet. 2011 wurde ICU im Rahmen eines Change Prozess als Einzel-Unternehmen reaktiviert. 2014 startet ICU operative T\u00e4tigkeiten als ICT \/ IT, VoIP sowie UCC Berater, Sales, Coach, Consultant, Interim-Manager und Associated Partner mit dem Aufbau eines Startups. 2019 folgt die &hellip; <\/p>\n<p class=\"link-more\"><a href=\"https:\/\/www.icu4u.ch\/?page_id=111\" class=\"more-link\"><span class=\"screen-reader-text\">\u201eICU GmbH\u201c <\/span>weiterlesen<\/a><\/p>\n","protected":false},"author":1,"featured_media":0,"parent":0,"menu_order":0,"comment_status":"closed","ping_status":"closed","template":"","meta":{"footnotes":""},"class_list":["post-111","page","type-page","status-publish","hentry"],"_links":{"self":[{"href":"https:\/\/www.icu4u.ch\/index.php?rest_route=\/wp\/v2\/pages\/111","targetHints":{"allow":["GET"]}}],"collection":[{"href":"https:\/\/www.icu4u.ch\/index.php?rest_route=\/wp\/v2\/pages"}],"about":[{"href":"https:\/\/www.icu4u.ch\/index.php?rest_route=\/wp\/v2\/types\/page"}],"author":[{"embeddable":true,"href":"https:\/\/www.icu4u.ch\/index.php?rest_route=\/wp\/v2\/users\/1"}],"replies":[{"embeddable":true,"href":"https:\/\/www.icu4u.ch\/index.php?rest_route=%2Fwp%2Fv2%2Fcomments&post=111"}],"version-history":[{"count":49,"href":"https:\/\/www.icu4u.ch\/index.php?rest_route=\/wp\/v2\/pages\/111\/revisions"}],"predecessor-version":[{"id":2182,"href":"https:\/\/www.icu4u.ch\/index.php?rest_route=\/wp\/v2\/pages\/111\/revisions\/2182"}],"wp:attachment":[{"href":"https:\/\/www.icu4u.ch\/index.php?rest_route=%2Fwp%2Fv2%2Fmedia&parent=111"}],"curies":[{"name":"wp","href":"https:\/\/api.w.org\/{rel}","templated":true}]}}