{"id":1101,"date":"2019-03-31T15:18:04","date_gmt":"2019-03-31T15:18:04","guid":{"rendered":"https:\/\/www.icu4u.ch\/?page_id=1101"},"modified":"2019-04-29T18:43:49","modified_gmt":"2019-04-29T18:43:49","slug":"reise-und-genesungsbegleitung","status":"publish","type":"page","link":"https:\/\/www.icu4u.ch\/?page_id=1101","title":{"rendered":"Reise- \/ Genesungsbegleitung"},"content":{"rendered":"\n<p> ICU GmbH bietet oder vermittelt diskrete, gezielte pers\u00f6nlich begleitete Auszeiten, Reise- und Genesungsbegleitung an. Haben Sie Angeh\u00f6rige die nicht mehr alleine Reisen k\u00f6nnen oder wollen? M\u00f6chte Sie begleitetes Reisen beanspruchen? <br>Steht eine   Genesungsbegleitung mit Gespr\u00e4che, Coaching und Standortbestimmungen, erg\u00e4nzend zu bestehenden Therapien, oder noch besser vorbeugend im Vorfeld eines Change Prozesses an?  <\/p>\n\n\n\n<p>Das Angebot richtet sich auch an Familienangeh\u00f6rige und zu deren Entlastung. Das erste Gespr\u00e4ch ist kostenlos.   <br><br>Genesungsbegleitung leitet sich aus dem <a href=\"https:\/\/de.wikipedia.org\/wiki\/Recovery-Modell\">Recovery Modell<\/a> der Psychiatrie ab. Das Konzept sieht vor, dass Betroffene von Peers, also von Menschen die  eigene Erkrankungs- und Genesungserfahrungen haben,  begleitet werden. Erkrankung- und Genesungswege aus dem Erleben zu kennen, sensibilisiert Verst\u00e4ndnis und Fingerspitzengef\u00fchl im Umgang,  etwas dass ein Au\u00dfenstehender kaum nachvollziehen und aufbringen kann.  <br><\/p>\n\n\n\n<p>Mehr als 20% der Bev\u00f6lkerung, d.h. jeder f\u00fcnfte, erlebt in seinem Leben mindestens eine schwere Depression und begibt sich in eine therapeutische Behandlung.  Eine grosse Dunkelziffer l\u00e4sst sich nicht behandeln und etliche enden tragisch. Nicht nur die Hausfrau, auch erfolgreiche Manager sind davon betroffen. Die Ursachen von Depressionen sind vielf\u00e4ltig. Aus unserer Erfahrung sind es vor allem:  <\/p>\n\n\n\n<ul class=\"wp-block-list\"><li>Burn-Out, medizinisch eine Ersch\u00f6pfungsdepression, erzeugt Di-Stress und ist etwas das jeden treffen kann.  <\/li><li>Mangelhafte Kommunikation und Machtmissbrauch.   <\/li><li>Belastende Umst\u00e4nde und Sinn-Krisen bei der beruflicher T\u00e4tigkeiten die zur psychischen \u00dcberlastung  f\u00fchrt.  <\/li><li>Belastende psychische Ereignisse (Mobbing- und Bossing Handlungen) am Arbeitsplatz. (Ungerechtigkeit,  Unfairness, Ellb\u00f6geln, Intrigen, \u00fcberm\u00e4ssige Anforderungen und Leistungsdruck sind die h\u00e4ufigste Ausl\u00f6ser  f\u00fcr Di-Stress). <\/li><li>Pr\u00e4gungen, insbesondere \u00fcbersteigertes Anerkennungsbed\u00fcrfnis, Manie und Karriereorientierung.  <\/li><li>Systematisches ausgrenzen, also absichtliche Mobbing, durch Diskriminierung und Rassimus. Diese absichtliche Kr\u00e4nkungen enden oft in Depressionen oder verbale und physische Gewalt.<\/li><li> Bore-Out, die totale Unterforderung und  insbesondere  niedrig gehalten werden. <\/li><li>\u00c4ngste und Mangelndes Vertrauen, insbesondere Existenz\u00e4ngste, Angst vor dem Abbau, der Erwerbslosigkeit, dem sozialen Abstieg und fehlendes Vertrauen in Wirtschaft, Politik und Sozialsysteme.<\/li><li>Belastende private Umst\u00e4nde und \u00dcberlastungen, wie chronische Erkrankungen, Pflegef\u00e4lle im Familienumfeld, Todesf\u00e4lle, private Kr\u00e4nkungen usw..     <\/li><li>Ver\u00e4nderung der Hirnstrukturen durch Konsum von Suchtmittel, insbesondere bei jugendlichen bis circa 27 Jahre,  k\u00f6nnen zur psychotischen Depression f\u00fchren oder eine bestehende verst\u00e4rken. <\/li><li> \u00c4usserst selten liegen genetisch und krankheitsbedingte Ursachen wie z.B. pathologisch\/psychische oder hormonelle St\u00f6rungen, vor. <\/li><li>Die eigene Biografie, aktueller Gesundheitszustand und Pr\u00e4gung hilft bei der Bew\u00e4ltigung oder verst\u00e4rkt die Symptome.    <\/li><\/ul>\n\n\n\n<p><\/p>\n\n\n\n<hr class=\"wp-block-separator\"\/>\n\n\n\n<p><\/p>\n","protected":false},"excerpt":{"rendered":"<p>ICU GmbH bietet oder vermittelt diskrete, gezielte pers\u00f6nlich begleitete Auszeiten, Reise- und Genesungsbegleitung an. Haben Sie Angeh\u00f6rige die nicht mehr alleine Reisen k\u00f6nnen oder wollen? M\u00f6chte Sie begleitetes Reisen beanspruchen? Steht eine Genesungsbegleitung mit Gespr\u00e4che, Coaching und Standortbestimmungen, erg\u00e4nzend zu bestehenden Therapien, oder noch besser vorbeugend im Vorfeld eines Change Prozesses an? Das Angebot richtet &hellip; <\/p>\n<p class=\"link-more\"><a href=\"https:\/\/www.icu4u.ch\/?page_id=1101\" class=\"more-link\"><span class=\"screen-reader-text\">\u201eReise- \/ Genesungsbegleitung\u201c <\/span>weiterlesen<\/a><\/p>\n","protected":false},"author":1,"featured_media":0,"parent":0,"menu_order":0,"comment_status":"closed","ping_status":"closed","template":"","meta":{"footnotes":""},"class_list":["post-1101","page","type-page","status-publish","hentry"],"_links":{"self":[{"href":"https:\/\/www.icu4u.ch\/index.php?rest_route=\/wp\/v2\/pages\/1101","targetHints":{"allow":["GET"]}}],"collection":[{"href":"https:\/\/www.icu4u.ch\/index.php?rest_route=\/wp\/v2\/pages"}],"about":[{"href":"https:\/\/www.icu4u.ch\/index.php?rest_route=\/wp\/v2\/types\/page"}],"author":[{"embeddable":true,"href":"https:\/\/www.icu4u.ch\/index.php?rest_route=\/wp\/v2\/users\/1"}],"replies":[{"embeddable":true,"href":"https:\/\/www.icu4u.ch\/index.php?rest_route=%2Fwp%2Fv2%2Fcomments&post=1101"}],"version-history":[{"count":63,"href":"https:\/\/www.icu4u.ch\/index.php?rest_route=\/wp\/v2\/pages\/1101\/revisions"}],"predecessor-version":[{"id":1963,"href":"https:\/\/www.icu4u.ch\/index.php?rest_route=\/wp\/v2\/pages\/1101\/revisions\/1963"}],"wp:attachment":[{"href":"https:\/\/www.icu4u.ch\/index.php?rest_route=%2Fwp%2Fv2%2Fmedia&parent=1101"}],"curies":[{"name":"wp","href":"https:\/\/api.w.org\/{rel}","templated":true}]}}