{"id":104,"date":"2019-03-11T20:25:16","date_gmt":"2019-03-11T20:25:16","guid":{"rendered":"https:\/\/www.icu4u.ch\/?page_id=104"},"modified":"2019-04-27T17:56:48","modified_gmt":"2019-04-27T17:56:48","slug":"login","status":"publish","type":"page","link":"https:\/\/www.icu4u.ch\/?page_id=104","title":{"rendered":"Login"},"content":{"rendered":"\n<p>Hier finden Sie denn Zugang zum gesch\u00fctzten Bereich. Sie ben\u00f6tigen entsprechende Zugangsdaten und m\u00fcssen sich registrieren. Bitte im Menu oder unten ausw\u00e4hlen .  <br><br>Zugangsdaten vergessen kein Problem klicken Sie <a href=\"https:\/\/www.icu4u.ch\/?page_id=205\">hier<\/a>?  <br>Neuzugang <a href=\"https:\/\/www.icu4u.ch\/?page_id=205\">hier<\/a> beantragen. <\/p>\n\n\n\n<p><a href=\"https:\/\/www.icu4u.ch\/?page_id=812\">E-Learning<\/a><br><a href=\"https:\/\/www.icu4u.ch\/?page_id=994\">Alumni<\/a><br><a href=\"https:\/\/www.icu4u.ch\/?page_id=810\">Partner<\/a><br><a href=\"https:\/\/www.icu4u.ch\/?page_id=814\">Intranet<\/a><br><br><\/p>\n","protected":false},"excerpt":{"rendered":"<p>Hier finden Sie denn Zugang zum gesch\u00fctzten Bereich. Sie ben\u00f6tigen entsprechende Zugangsdaten und m\u00fcssen sich registrieren. Bitte im Menu oder unten ausw\u00e4hlen . Zugangsdaten vergessen kein Problem klicken Sie hier? Neuzugang hier beantragen. E-LearningAlumniPartnerIntranet<\/p>\n","protected":false},"author":1,"featured_media":0,"parent":0,"menu_order":0,"comment_status":"closed","ping_status":"closed","template":"","meta":{"footnotes":""},"class_list":["post-104","page","type-page","status-publish","hentry"],"_links":{"self":[{"href":"https:\/\/www.icu4u.ch\/index.php?rest_route=\/wp\/v2\/pages\/104","targetHints":{"allow":["GET"]}}],"collection":[{"href":"https:\/\/www.icu4u.ch\/index.php?rest_route=\/wp\/v2\/pages"}],"about":[{"href":"https:\/\/www.icu4u.ch\/index.php?rest_route=\/wp\/v2\/types\/page"}],"author":[{"embeddable":true,"href":"https:\/\/www.icu4u.ch\/index.php?rest_route=\/wp\/v2\/users\/1"}],"replies":[{"embeddable":true,"href":"https:\/\/www.icu4u.ch\/index.php?rest_route=%2Fwp%2Fv2%2Fcomments&post=104"}],"version-history":[{"count":8,"href":"https:\/\/www.icu4u.ch\/index.php?rest_route=\/wp\/v2\/pages\/104\/revisions"}],"predecessor-version":[{"id":1369,"href":"https:\/\/www.icu4u.ch\/index.php?rest_route=\/wp\/v2\/pages\/104\/revisions\/1369"}],"wp:attachment":[{"href":"https:\/\/www.icu4u.ch\/index.php?rest_route=%2Fwp%2Fv2%2Fmedia&parent=104"}],"curies":[{"name":"wp","href":"https:\/\/api.w.org\/{rel}","templated":true}]}}