{"id":1024,"date":"2019-03-30T08:59:13","date_gmt":"2019-03-30T08:59:13","guid":{"rendered":"https:\/\/www.icu4u.ch\/?page_id=1024"},"modified":"2019-05-24T21:48:04","modified_gmt":"2019-05-24T21:48:04","slug":"pimp-your-business","status":"publish","type":"page","link":"https:\/\/www.icu4u.ch\/?page_id=1024","title":{"rendered":"Pimp your Business"},"content":{"rendered":"<h3>Pimp your Business<\/h3>\n<p><img loading=\"lazy\" decoding=\"async\" width=\"218\" height=\"231\" src=\"https:\/\/www.icu4u.ch\/wp-content\/uploads\/2019\/03\/idde.jpeg\" alt=\"\" sizes=\"auto, 100vw\"><\/p>\n<p>Mit Pimp your Business\u2122&nbsp;werden spielerisch die Themen der Selbstst\u00e4ndigkeit und Unternehmensf\u00fchrung trainiert. Einfach und unterhaltsam wird man an wichtige Themen von Wissen und K\u00f6nnen herangef\u00fchrt und entdeckt Entwicklungsbereiche. &nbsp;<\/p>\n<p>Moderiert spielen pro Spielbrett sechs Personen oder sechs 2er Teams interaktiv in einer (kurzen) oder&nbsp; (lange Variante) miteinander. Erfahrungsaustausch und ein reales Abbild ergeben sich durch die Interaktion und die im Spiel eingebaute Ereignisse welche den Teilnehmer wirtschaftlich weiterbringt oder zur\u00fcckwirft.<\/p>\n<p>Pimp your Business\u2122 kann vielf\u00e4ltig, Zielgruppen und Themen zentriert eingesetzt werden.&nbsp;<\/p>\n<p>&#8211; in Impuls Workshop<br \/>\n&#8211; als Erfahrungsaustausch bei Unternehmen, Verb\u00e4nde, Schulen<br \/>\n&#8211; bei Startup und KMU Trainings<br \/>\n&#8211; alsTraining von realen Situationen&nbsp;&nbsp;<br \/>\n&#8211; zum Auffrischen des Wissens<br \/>\n&#8211; zum&nbsp;Aufzeigen von Zusammenh\u00e4ngen<br \/>\n&#8211; in&nbsp; Teambildungsprozessen<br \/>\n&#8211; in Assesment und Selfassesment<\/p>\n<p><img loading=\"lazy\" decoding=\"async\" width=\"525\" height=\"527\" src=\"https:\/\/www.icu4u.ch\/wp-content\/uploads\/2019\/04\/Spielplan-neu.png\" alt=\"\" srcset=\"https:\/\/i2.wp.com\/www.icu4u.ch\/wp-content\/uploads\/2019\/04\/Spielplan-neu.png?w=1570&amp;ssl=1 1570w, https:\/\/i2.wp.com\/www.icu4u.ch\/wp-content\/uploads\/2019\/04\/Spielplan-neu.png?resize=768%2C770&amp;ssl=1 768w, https:\/\/i2.wp.com\/www.icu4u.ch\/wp-content\/uploads\/2019\/04\/Spielplan-neu.png?resize=100%2C100&amp;ssl=1 100w, https:\/\/i2.wp.com\/www.icu4u.ch\/wp-content\/uploads\/2019\/04\/Spielplan-neu.png?w=1050&amp;ssl=1 1050w\" sizes=\"auto, 100vw\"><\/p>\n<p>Zu den einzelnen Bereiche stehen erg\u00e4nzende individuelle, dedizierte Trainingseinheiten und Coachings zur Verf\u00fcgung<br \/>\n\u2192 <a href=\"https:\/\/www.icu4u.ch\/?page_id=2173\">Details \/ Brosch\u00fcre<\/a>,&nbsp;<a href=\"https:\/\/www.icu4u.ch\/?page_id=1650\">Kursprogramm <\/a>und <a href=\"https:\/\/www.icu4u.ch\/?page_id=48\">Anmeldung<\/a>.<\/p>\n","protected":false},"excerpt":{"rendered":"<p>Pimp your Business Mit Pimp your Business\u2122&nbsp;werden spielerisch die Themen der Selbstst\u00e4ndigkeit und Unternehmensf\u00fchrung trainiert. Einfach und unterhaltsam wird man an wichtige Themen von Wissen und K\u00f6nnen herangef\u00fchrt und entdeckt Entwicklungsbereiche. &nbsp; Moderiert spielen pro Spielbrett sechs Personen oder sechs 2er Teams interaktiv in einer (kurzen) oder&nbsp; (lange Variante) miteinander. Erfahrungsaustausch und ein reales Abbild &hellip; <\/p>\n<p class=\"link-more\"><a href=\"https:\/\/www.icu4u.ch\/?page_id=1024\" class=\"more-link\"><span class=\"screen-reader-text\">\u201ePimp your Business\u201c <\/span>weiterlesen<\/a><\/p>\n","protected":false},"author":1,"featured_media":0,"parent":0,"menu_order":0,"comment_status":"open","ping_status":"closed","template":"","meta":{"footnotes":""},"class_list":["post-1024","page","type-page","status-publish","hentry"],"_links":{"self":[{"href":"https:\/\/www.icu4u.ch\/index.php?rest_route=\/wp\/v2\/pages\/1024","targetHints":{"allow":["GET"]}}],"collection":[{"href":"https:\/\/www.icu4u.ch\/index.php?rest_route=\/wp\/v2\/pages"}],"about":[{"href":"https:\/\/www.icu4u.ch\/index.php?rest_route=\/wp\/v2\/types\/page"}],"author":[{"embeddable":true,"href":"https:\/\/www.icu4u.ch\/index.php?rest_route=\/wp\/v2\/users\/1"}],"replies":[{"embeddable":true,"href":"https:\/\/www.icu4u.ch\/index.php?rest_route=%2Fwp%2Fv2%2Fcomments&post=1024"}],"version-history":[{"count":33,"href":"https:\/\/www.icu4u.ch\/index.php?rest_route=\/wp\/v2\/pages\/1024\/revisions"}],"predecessor-version":[{"id":2310,"href":"https:\/\/www.icu4u.ch\/index.php?rest_route=\/wp\/v2\/pages\/1024\/revisions\/2310"}],"wp:attachment":[{"href":"https:\/\/www.icu4u.ch\/index.php?rest_route=%2Fwp%2Fv2%2Fmedia&parent=1024"}],"curies":[{"name":"wp","href":"https:\/\/api.w.org\/{rel}","templated":true}]}}